{"id":6079,"date":"2021-02-09T21:40:45","date_gmt":"2021-02-09T20:40:45","guid":{"rendered":"https:\/\/www.grandboisconsulting.com\/?page_id=6079"},"modified":"2026-01-06T13:27:31","modified_gmt":"2026-01-06T12:27:31","slug":"impressum","status":"publish","type":"page","link":"https:\/\/grandboiscommunications.com\/de\/impressum\/","title":{"rendered":"Impressum"},"content":{"rendered":"<div data-elementor-type=\"wp-page\" data-elementor-id=\"6079\" class=\"elementor elementor-6079\" data-elementor-post-type=\"page\">\n\t\t\t\t\t\t<section class=\"elementor-section elementor-top-section elementor-element elementor-element-52ed2ef4 elementor-section-boxed elementor-section-height-default elementor-section-height-default\" data-id=\"52ed2ef4\" data-element_type=\"section\" data-e-type=\"section\">\n\t\t\t\t\t\t<div class=\"elementor-container elementor-column-gap-default\">\n\t\t\t\t\t<div class=\"elementor-column elementor-col-100 elementor-top-column elementor-element elementor-element-74f29482\" data-id=\"74f29482\" data-element_type=\"column\" data-e-type=\"column\">\n\t\t\t<div class=\"elementor-widget-wrap elementor-element-populated\">\n\t\t\t\t\t\t<div class=\"elementor-element elementor-element-375aa1ae elementor-widget elementor-widget-text-editor\" data-id=\"375aa1ae\" data-element_type=\"widget\" data-e-type=\"widget\" data-widget_type=\"text-editor.default\">\n\t\t\t\t\t\t\t\t\t<div class=\"elementor-element elementor-element-804e4e8 elementor-widget elementor-widget-heading\" data-id=\"804e4e8\" data-element_type=\"widget\" data-settings=\"{&quot;_transform_transition_hover&quot;:{&quot;unit&quot;:&quot;px&quot;,&quot;size&quot;:&quot;&quot;,&quot;sizes&quot;:[]}}\" data-widget_type=\"heading.default\">\n<div class=\"elementor-widget-container\">\n<h1 class=\"elementor-heading-title elementor-size-default\">Impressum<\/h1>\n<\/div>\n<\/div>\n<div class=\"elementor-element elementor-element-7030871 elementor-widget elementor-widget-text-editor\" data-id=\"7030871\" data-element_type=\"widget\" data-settings=\"{&quot;_transform_transition_hover&quot;:{&quot;unit&quot;:&quot;px&quot;,&quot;size&quot;:&quot;&quot;,&quot;sizes&quot;:[]}}\" data-widget_type=\"text-editor.default\">\n<div class=\"elementor-widget-container\">\n<p>Angaben gem\u00e4\u00df \u00a7 5 TMG:<\/p>\n<p>Grandbois Communications Beratung<\/p>\n<p>Philippe C. Grandbois<\/p>\nAm Honigberg 33 54484 Maring\/MoselUSt.IDNr. DE344934231\n<p>Tel: +491709848148,<\/p>\n<p>E-Mail: philippe@grandboisconsulting.com, HR Amtsgericht Wittlich, HRB 591301<\/p>\n<h2>Zust\u00e4ndige Aufsichtsbeh\u00f6rde:<\/h2>\n<p>Ministerium f\u00fcr Wirtschaft, Verkehr, Landwirtschaft und Weinbau, Stiftsstra\u00dfe 9, 55116 Mainz<\/p>\n<p>Zust\u00e4ndige Kammer:<\/p>\n<p>Landwirtschaftskammer Rheinland-Pfalz, Burgenlandstra\u00dfe 7, 55543 Bad Kreuznach<\/p>\n<p>Gesetzliche Grundlage unserer T\u00e4tigkeit: Weingesetz (WeinG)<\/p>\n<p><a href=\"http:\/\/bundesrecht.juris.de\/weing_1994\/BJNR146710994.html\" rel=\"nofollow\">http:\/\/bundesrecht.juris.de\/weing_1994\/BJNR146710994.html<\/a><\/p>\n<h2>Au\u00dfergerichtliche Schlichtungsm\u00f6glichkeiten:<\/h2>\n<p>\u00a0<\/p>\n<p>Im Falle von Streitigkeiten aus Online-Kaufvertr\u00e4gen oder Online-Dienstvertr\u00e4gen kann eine von der Europ\u00e4ischen Union zur Verf\u00fcgung gestellte OS-Plattform zur Beilegung dieser Streitigkeiten genutzt werden, soweit diese von der Europ\u00e4ischen Union tats\u00e4chlich zur Verf\u00fcgung gestellt wird.<\/p>\n<p>Die Plattform soll hier erreichbar sein:\u00a0<a href=\"http:\/\/ec.europa.eu\/consumers\/odr\/\" target=\"_blank\" rel=\"noopener\">http:\/\/ec.europa.eu\/consumers\/odr\/<\/a><\/p>\n<p>Unsere E-Mail-Adresse lautet: info@grandboiconsulting.com<\/p>\n<p>Wir sind nicht verpflichtet, an anderen au\u00dfergerichtlichen Schlichtungsm\u00f6glichkeiten vor einer Verbraucherschlichtungsstelle teilzunehmen, und nehmen daran auch nicht teil.\u00a0<\/p>\n<p>Das Grandbois Consulting erh\u00e4lt f\u00fcr seine Leistungen in Agrarumwelt- und Klimamassnahmen:<\/p>\n<p>Umweltschonender Steil- und Steilstlagenweinbau einen Ausgleich durch den Europ\u00e4ischen Landwirtschaftsfonds f\u00fcr die Entwicklung des l\u00e4ndlichen Raums (ELER): hier investiert Europa in die l\u00e4ndlichen Gebiete im Rahmen des rheinland-pf\u00e4lzischen Entwicklungsprogramms \u201eUmweltma\u00dfnahmen, L\u00e4ndliche Entwicklung, Landwirtschaft, Ern\u00e4hrung\u201c (EULLE) mitfinanziert durch das Land Rheinland-Pfalz.<\/p>\n<p>Wir sind nicht bereit oder verpflichtet, an Streitbeilegungsverfahren vor einer Verbraucherschlichtungsstelle teilzunehmen.<\/p>\n<h3>Haftung f\u00fcr Inhalte<\/h3>\n<p>Als Diensteanbieter sind wir gem\u00e4\u00df \u00a7 7 Abs.1 TMG f\u00fcr eigene Inhalte auf diesen Seiten nach den allgemeinen Gesetzen verantwortlich. Nach \u00a7\u00a7 8 bis 10 TMG sind wir als Diensteanbieter jedoch nicht verpflichtet, \u00fcbermittelte oder gespeicherte fremde Informationen zu \u00fcberwachen oder nach Umst\u00e4nden zu forschen, die auf eine rechtswidrige T\u00e4tigkeit hinweisen.<\/p>\n<p>Verpflichtungen zur Entfernung oder Sperrung der Nutzung von Informationen nach den allgemeinen Gesetzen bleiben hiervon unber\u00fchrt. Eine diesbez\u00fcgliche Haftung ist jedoch erst ab dem Zeitpunkt der Kenntnis einer konkreten Rechtsverletzung m\u00f6glich. Bei Bekanntwerden von entsprechenden Rechtsverletzungen werden wir diese Inhalte umgehend entfernen.<\/p>\n<h3>Haftung f\u00fcr Links<\/h3>\n<p>Unser Angebot enth\u00e4lt Links zu externen Websites Dritter, auf deren Inhalte wir keinen Einfluss haben. Deshalb k\u00f6nnen wir f\u00fcr diese fremden Inhalte auch keine Gew\u00e4hr \u00fcbernehmen. F\u00fcr die Inhalte der verlinkten Seiten ist stets der jeweilige Anbieter oder Betreiber der Seiten verantwortlich. Die verlinkten Seiten wurden zum Zeitpunkt der Verlinkung auf m\u00f6gliche Rechtsverst\u00f6\u00dfe \u00fcberpr\u00fcft. Rechtswidrige Inhalte waren zum Zeitpunkt der Verlinkung nicht erkennbar.<\/p>\n<p>Eine permanente inhaltliche Kontrolle der verlinkten Seiten ist jedoch ohne konkrete Anhaltspunkte einer Rechtsverletzung nicht zumutbar. Bei Bekanntwerden von Rechtsverletzungen werden wir derartige Links umgehend entfernen.<\/p>\n<h3>Urheberrecht<\/h3>\n<p>Die durch die Seitenbetreiber erstellten Inhalte und Werke auf diesen Seiten unterliegen dem deutschen Urheberrecht. Die Vervielf\u00e4ltigung, Bearbeitung, Verbreitung und jede Art der Verwertung au\u00dferhalb der Grenzen des Urheberrechtes bed\u00fcrfen der schriftlichen Zustimmung des jeweiligen Autors bzw. Erstellers. Downloads und Kopien dieser Seite sind nur f\u00fcr den privaten, nicht kommerziellen Gebrauch gestattet.<\/p>\n<p>Soweit die Inhalte auf dieser Seite nicht vom Betreiber erstellt wurden, werden die Urheberrechte Dritter beachtet. Insbesondere werden Inhalte Dritter als solche gekennzeichnet. Sollten Sie trotzdem auf eine Urheberrechtsverletzung aufmerksam werden, bitten wir um einen entsprechenden Hinweis. Bei Bekanntwerden von Rechtsverletzungen werden wir derartige Inhalte umgehend entfernen.<\/p>\n<\/div>\n<\/div>\t\t\t\t\t\t\t\t<\/div>\n\t\t\t\t\t<\/div>\n\t\t<\/div>\n\t\t\t\t\t<\/div>\n\t\t<\/section>\n\t\t\t\t<\/div>","protected":false},"excerpt":{"rendered":"<p>Impressum Angaben gem\u00e4\u00df \u00a7 5 TMG: Grandbois Communications Consulting Philippe C. Grandbois Am Honigberg 33 54484 Maring\/MoselUSt.IDNr. DE344934231 Tel: +491709848148, E-Mail: philippe@grandboisconsulting.com, HR Amtsgericht Wittlich, HRB 591301 Zust\u00e4ndige Aufsichtsbeh\u00f6rde: Ministerium f\u00fcr Wirtschaft, Verkehr, Landwirtschaft und Weinbau, Stiftsstra\u00dfe 9, 55116 Mainz Zust\u00e4ndige Kammer: Landwirtschaftskammer Rheinland-Pfalz, Burgenlandstra\u00dfe 7, 55543 Bad Kreuznach Gesetzliche Grundlage unserer T\u00e4tigkeit: Weingesetz (WeinG) [&hellip;]<\/p>\n","protected":false},"author":1,"featured_media":0,"parent":0,"menu_order":0,"comment_status":"closed","ping_status":"closed","template":"elementor_header_footer","meta":{"nf_dc_page":"","footnotes":""},"class_list":["post-6079","page","type-page","status-publish","hentry"],"jetpack_sharing_enabled":true,"jetpack_shortlink":"https:\/\/wp.me\/P3qVbI-1A3","_links":{"self":[{"href":"https:\/\/grandboiscommunications.com\/de\/wp-json\/wp\/v2\/pages\/6079","targetHints":{"allow":["GET"]}}],"collection":[{"href":"https:\/\/grandboiscommunications.com\/de\/wp-json\/wp\/v2\/pages"}],"about":[{"href":"https:\/\/grandboiscommunications.com\/de\/wp-json\/wp\/v2\/types\/page"}],"author":[{"embeddable":true,"href":"https:\/\/grandboiscommunications.com\/de\/wp-json\/wp\/v2\/users\/1"}],"replies":[{"embeddable":true,"href":"https:\/\/grandboiscommunications.com\/de\/wp-json\/wp\/v2\/comments?post=6079"}],"version-history":[{"count":0,"href":"https:\/\/grandboiscommunications.com\/de\/wp-json\/wp\/v2\/pages\/6079\/revisions"}],"wp:attachment":[{"href":"https:\/\/grandboiscommunications.com\/de\/wp-json\/wp\/v2\/media?parent=6079"}],"curies":[{"name":"wp","href":"https:\/\/api.w.org\/{rel}","templated":true}]}}