{"id":8752,"date":"2026-01-02T07:34:18","date_gmt":"2026-01-02T06:34:18","guid":{"rendered":"https:\/\/www.grandboisconsulting.com\/water\/"},"modified":"2026-01-12T11:42:13","modified_gmt":"2026-01-12T10:42:13","slug":"reach","status":"publish","type":"page","link":"https:\/\/grandboiscommunications.com\/de\/reach\/","title":{"rendered":"Reichweite."},"content":{"rendered":"<div data-elementor-type=\"wp-page\" data-elementor-id=\"8752\" class=\"elementor elementor-8752\" data-elementor-post-type=\"page\">\n\t\t\t\t<div class=\"elementor-element elementor-element-609f5408 e-con-full e-flex e-con e-parent\" data-id=\"609f5408\" data-element_type=\"container\" data-e-type=\"container\">\n\t\t<div class=\"elementor-element elementor-element-d41590d e-con-full e-flex e-con e-child\" data-id=\"d41590d\" data-element_type=\"container\" data-e-type=\"container\" data-settings=\"{&quot;background_background&quot;:&quot;classic&quot;}\">\n\t\t<div class=\"elementor-element elementor-element-174c815c e-con-full e-flex e-con e-child\" data-id=\"174c815c\" data-element_type=\"container\" data-e-type=\"container\">\n\t\t\t\t<div class=\"elementor-element elementor-element-660989e8 elementor-invisible elementor-widget elementor-widget-heading\" data-id=\"660989e8\" data-element_type=\"widget\" data-e-type=\"widget\" data-settings=\"{&quot;_animation&quot;:&quot;slideInDown&quot;}\" data-widget_type=\"heading.default\">\n\t\t\t\t\t<h1 class=\"elementor-heading-title elementor-size-default\">Reichweite.<\/h1>\t\t\t\t<\/div>\n\t\t\t\t<div class=\"elementor-element elementor-element-70d0ffb0 elementor-widget elementor-widget-text-editor\" data-id=\"70d0ffb0\" data-element_type=\"widget\" data-e-type=\"widget\" data-widget_type=\"text-editor.default\">\n\t\t\t\t\t\t\t\t\t<p>Unsere \u201cpaneurop\u00e4ische\u201d Reichweite basiert auf einer Kombination aus menschlicher Intuition und den weltweit fortschrittlichsten digitalen Tools. Wir arbeiten nicht nur h\u00e4rter, sondern auch intelligenter und setzen branchenf\u00fchrende Technologien ein, um sicherzustellen, dass Ihre Marke mit absoluter Pr\u00e4zision agiert.<\/p>\t\t\t\t\t\t\t\t<\/div>\n\t\t\t\t<div class=\"elementor-element elementor-element-efa848f elementor-widget elementor-widget-button\" data-id=\"efa848f\" data-element_type=\"widget\" data-e-type=\"widget\" data-widget_type=\"button.default\">\n\t\t\t\t\t\t\t\t\t\t<a class=\"elementor-button elementor-button-link elementor-size-sm\" href=\"#how\">\n\t\t\t\t\t\t<span class=\"elementor-button-content-wrapper\">\n\t\t\t\t\t\t\t\t\t<span class=\"elementor-button-text\">Wie.<\/span>\n\t\t\t\t\t<\/span>\n\t\t\t\t\t<\/a>\n\t\t\t\t\t\t\t\t<\/div>\n\t\t\t\t<\/div>\n\t\t\t\t<\/div>\n\t\t<div class=\"elementor-element elementor-element-3f7f482d e-con-full elementor-hidden-mobile e-flex e-con e-child\" data-id=\"3f7f482d\" data-element_type=\"container\" data-e-type=\"container\" data-settings=\"{&quot;background_background&quot;:&quot;classic&quot;}\">\n\t\t\t\t<div class=\"elementor-element elementor-element-5182f956 elementor-view-framed elementor-widget__width-inherit elementor-shape-circle elementor-widget elementor-widget-icon\" data-id=\"5182f956\" data-element_type=\"widget\" data-e-type=\"widget\" data-widget_type=\"icon.default\">\n\t\t\t\t\t\t\t<div class=\"elementor-icon-wrapper\">\n\t\t\t<a class=\"elementor-icon elementor-animation-shrink\" href=\"#next\">\n\t\t\t<svg xmlns=\"http:\/\/www.w3.org\/2000\/svg\" id=\"afa01258-5fdc-4e2a-84c3-52c21a777b3e\" data-name=\"Layer 1\" width=\"9.1074\" height=\"16.0991\" viewbox=\"0 0 9.1074 16.0991\"><polygon points=\"8.188 10.626 5.191 13.624 5.191 0 3.891 0 3.891 13.599 0.919 10.626 0 11.546 4.554 16.099 9.107 11.546 8.188 10.626\"><\/polygon><\/svg>\t\t\t<\/a>\n\t\t<\/div>\n\t\t\t\t\t\t<\/div>\n\t\t\t\t<\/div>\n\t\t\t\t<\/div>\n\t\t<div class=\"elementor-element elementor-element-496b25c7 e-con-full e-flex e-con e-parent\" data-id=\"496b25c7\" data-element_type=\"container\" data-e-type=\"container\" id=\"next\" data-settings=\"{&quot;background_background&quot;:&quot;classic&quot;}\">\n\t\t\t\t<\/div>\n\t\t<div class=\"elementor-element elementor-element-e61f609 e-flex e-con-boxed e-con e-parent\" data-id=\"e61f609\" data-element_type=\"container\" data-e-type=\"container\">\n\t\t\t\t\t<div class=\"e-con-inner\">\n\t\t\t\t<div class=\"elementor-element elementor-element-5912f1f elementor-widget-divider--view-line elementor-widget elementor-widget-divider\" data-id=\"5912f1f\" data-element_type=\"widget\" data-e-type=\"widget\" data-widget_type=\"divider.default\">\n\t\t\t\t\t\t\t<div class=\"elementor-divider\">\n\t\t\t<span class=\"elementor-divider-separator\">\n\t\t\t\t\t\t<\/span>\n\t\t<\/div>\n\t\t\t\t\t\t<\/div>\n\t\t\t\t<div class=\"elementor-element elementor-element-a363274 elementor-widget elementor-widget-menu-anchor\" data-id=\"a363274\" data-element_type=\"widget\" data-e-type=\"widget\" data-widget_type=\"menu-anchor.default\">\n\t\t\t\t\t\t\t<div class=\"elementor-menu-anchor\" id=\"how\"><\/div>\n\t\t\t\t\t\t<\/div>\n\t\t\t\t<div class=\"elementor-element elementor-element-8df197d elementor-widget elementor-widget-heading\" data-id=\"8df197d\" data-element_type=\"widget\" data-e-type=\"widget\" data-widget_type=\"heading.default\">\n\t\t\t\t\t<h2 class=\"elementor-heading-title elementor-size-default\">Pr\u00e4zise \u00dcbersetzung mit DeepL<\/h2>\t\t\t\t<\/div>\n\t\t\t\t<div class=\"elementor-element elementor-element-b4f8e7c elementor-widget elementor-widget-text-editor\" data-id=\"b4f8e7c\" data-element_type=\"widget\" data-e-type=\"widget\" data-widget_type=\"text-editor.default\">\n\t\t\t\t\t\t\t\t\t<p data-path-to-node=\"6\">Kommunikation in ganz Europa erfordert mehr als nur das \u201cBeherrschen\u201d einer Sprache; sie erfordert technische Genauigkeit. Wir integrieren <b data-path-to-node=\"6\" data-index-in-node=\"119\">Die neuronale \u00dcbersetzungstechnologie von DeepL<\/b> in unseren Arbeitsablauf integrieren, um die aufw\u00e4ndige Verarbeitung mehrsprachiger Daten zu bew\u00e4ltigen.<\/p>\t\t\t\t\t\t\t\t<\/div>\n\t\t\t\t<div class=\"elementor-element elementor-element-ebbaf6d elementor-widget-divider--view-line elementor-widget elementor-widget-divider\" data-id=\"ebbaf6d\" data-element_type=\"widget\" data-e-type=\"widget\" data-widget_type=\"divider.default\">\n\t\t\t\t\t\t\t<div class=\"elementor-divider\">\n\t\t\t<span class=\"elementor-divider-separator\">\n\t\t\t\t\t\t<\/span>\n\t\t<\/div>\n\t\t\t\t\t\t<\/div>\n\t\t\t\t<div class=\"elementor-element elementor-element-43eeee5 elementor-widget elementor-widget-heading\" data-id=\"43eeee5\" data-element_type=\"widget\" data-e-type=\"widget\" data-widget_type=\"heading.default\">\n\t\t\t\t\t<h2 class=\"elementor-heading-title elementor-size-default\">Die KI-Frage?<\/h2>\t\t\t\t<\/div>\n\t\t\t\t<div class=\"elementor-element elementor-element-3468021 elementor-widget elementor-widget-text-editor\" data-id=\"3468021\" data-element_type=\"widget\" data-e-type=\"widget\" data-widget_type=\"text-editor.default\">\n\t\t\t\t\t\t\t\t\t<p data-path-to-node=\"8,1\">Wir nutzen Gemini AI, um einen komplexen Markt zu durchschauen. Durch die Analyse von Echtzeitdaten finden wir die L\u00fccken, die Ihre Marke f\u00fcllen kann, bevor es die Konkurrenz tut.<\/p><p data-path-to-node=\"8,2\">Aber es geht nicht nur um die Zahlen; wir nutzen KI, um mit Ihnen auf der kreativen Seite zusammenzuarbeiten. Wir nutzen sie, um Ideen f\u00fcr Moodboards f\u00fcr die Identit\u00e4t Ihrer Marke zu entwickeln und um Sie bei der schnellen Umsetzung zu unterst\u00fctzen.  Wir sind gro\u00dfe Fans des Einsatzes von KI, um Studien und Kreativit\u00e4t zu verbessern, und wir ermutigen Sie, dasselbe zu tun.<\/p>\t\t\t\t\t\t\t\t<\/div>\n\t\t\t\t<div class=\"elementor-element elementor-element-9ab7b69 elementor-widget-divider--view-line elementor-widget elementor-widget-divider\" data-id=\"9ab7b69\" data-element_type=\"widget\" data-e-type=\"widget\" data-widget_type=\"divider.default\">\n\t\t\t\t\t\t\t<div class=\"elementor-divider\">\n\t\t\t<span class=\"elementor-divider-separator\">\n\t\t\t\t\t\t<\/span>\n\t\t<\/div>\n\t\t\t\t\t\t<\/div>\n\t\t\t\t<div class=\"elementor-element elementor-element-fbc62af elementor-widget elementor-widget-heading\" data-id=\"fbc62af\" data-element_type=\"widget\" data-e-type=\"widget\" data-widget_type=\"heading.default\">\n\t\t\t\t\t<h2 class=\"elementor-heading-title elementor-size-default\">Digitale Strategien f\u00fcr den Export<\/h2>\t\t\t\t<\/div>\n\t\t\t\t<div class=\"elementor-element elementor-element-2342035 elementor-widget elementor-widget-text-editor\" data-id=\"2342035\" data-element_type=\"widget\" data-e-type=\"widget\" data-widget_type=\"text-editor.default\">\n\t\t\t\t\t\t\t\t\t<p>Wir kombinieren unsere Erfahrung im Bereich Wein und Spirituosen mit intelligenten KI-Tools, um Ihre Marke grenz\u00fcberschreitend bekannt zu machen. Von mehrsprachigen Social-Media-Strategien bis hin zu gezielten Google-Anzeigen - wir finden st\u00e4ndig neue Wege, um Ihre Geschichte auf den richtigen M\u00e4rkten zu platzieren. Durch die Kombination von gr\u00fcndlicher Recherche und kreativer Zusammenarbeit machen wir den \u00dcbergang vom lokalen Handwerk zur internationalen Marke m\u00fchelos.<\/p>\t\t\t\t\t\t\t\t<\/div>\n\t\t\t\t\t<\/div>\n\t\t\t\t<\/div>\n\t\t\t\t<\/div>","protected":false},"excerpt":{"rendered":"<p>Reach. Our &#8220;Pan-European&#8221; reach is powered by a blend of human intuition and the world\u2019s most advanced digital tools. We don&#8217;t just work harder; we work smarter, using industry-leading technology to ensure your brand moves with absolute precision. How. Precision Translation with DeepL Communication across Europe requires more than just &#8220;knowing&#8221; a language; it requires [&hellip;]<\/p>\n","protected":false},"author":1,"featured_media":0,"parent":0,"menu_order":0,"comment_status":"closed","ping_status":"closed","template":"elementor_header_footer","meta":{"nf_dc_page":"","footnotes":""},"class_list":["post-8752","page","type-page","status-publish","hentry"],"jetpack_sharing_enabled":true,"jetpack_shortlink":"https:\/\/wp.me\/P3qVbI-2ha","_links":{"self":[{"href":"https:\/\/grandboiscommunications.com\/de\/wp-json\/wp\/v2\/pages\/8752","targetHints":{"allow":["GET"]}}],"collection":[{"href":"https:\/\/grandboiscommunications.com\/de\/wp-json\/wp\/v2\/pages"}],"about":[{"href":"https:\/\/grandboiscommunications.com\/de\/wp-json\/wp\/v2\/types\/page"}],"author":[{"embeddable":true,"href":"https:\/\/grandboiscommunications.com\/de\/wp-json\/wp\/v2\/users\/1"}],"replies":[{"embeddable":true,"href":"https:\/\/grandboiscommunications.com\/de\/wp-json\/wp\/v2\/comments?post=8752"}],"version-history":[{"count":15,"href":"https:\/\/grandboiscommunications.com\/de\/wp-json\/wp\/v2\/pages\/8752\/revisions"}],"predecessor-version":[{"id":9667,"href":"https:\/\/grandboiscommunications.com\/de\/wp-json\/wp\/v2\/pages\/8752\/revisions\/9667"}],"wp:attachment":[{"href":"https:\/\/grandboiscommunications.com\/de\/wp-json\/wp\/v2\/media?parent=8752"}],"curies":[{"name":"wp","href":"https:\/\/api.w.org\/{rel}","templated":true}]}}