{"id":8764,"date":"2026-01-02T07:34:32","date_gmt":"2026-01-02T06:34:32","guid":{"rendered":"https:\/\/www.grandboisconsulting.com\/earth\/"},"modified":"2026-01-12T11:37:14","modified_gmt":"2026-01-12T10:37:14","slug":"digital","status":"publish","type":"page","link":"https:\/\/grandboiscommunications.com\/de\/digital\/","title":{"rendered":"Digital."},"content":{"rendered":"<div data-elementor-type=\"wp-page\" data-elementor-id=\"8764\" class=\"elementor elementor-8764\" data-elementor-post-type=\"page\">\n\t\t\t\t<div class=\"elementor-element elementor-element-c8aaed e-con-full e-flex e-con e-parent\" data-id=\"c8aaed\" data-element_type=\"container\" data-e-type=\"container\" data-settings=\"{&quot;background_background&quot;:&quot;classic&quot;}\">\n\t\t<div class=\"elementor-element elementor-element-5f979a52 e-con-full e-flex e-con e-child\" data-id=\"5f979a52\" data-element_type=\"container\" data-e-type=\"container\" data-settings=\"{&quot;background_background&quot;:&quot;classic&quot;}\">\n\t\t<div class=\"elementor-element elementor-element-64e39aed e-con-full e-flex e-con e-child\" data-id=\"64e39aed\" data-element_type=\"container\" data-e-type=\"container\">\n\t\t\t\t<div class=\"elementor-element elementor-element-442170dc elementor-invisible elementor-widget elementor-widget-heading\" data-id=\"442170dc\" data-element_type=\"widget\" data-e-type=\"widget\" data-settings=\"{&quot;_animation&quot;:&quot;slideInDown&quot;}\" data-widget_type=\"heading.default\">\n\t\t\t\t\t<h1 class=\"elementor-heading-title elementor-size-default\">Digital.<\/h1>\t\t\t\t<\/div>\n\t\t\t\t<div class=\"elementor-element elementor-element-7995b67b elementor-widget elementor-widget-text-editor\" data-id=\"7995b67b\" data-element_type=\"widget\" data-e-type=\"widget\" data-widget_type=\"text-editor.default\">\n\t\t\t\t\t\t\t\t\t<p>Hochleistungsf\u00e4hige Websites, E-Commerce f\u00fcr den Direktverkauf an Verbraucher und ma\u00dfgeschneiderte digitale Toolkits.<\/p>\t\t\t\t\t\t\t\t<\/div>\n\t\t\t\t<div class=\"elementor-element elementor-element-b9a506d elementor-widget elementor-widget-button\" data-id=\"b9a506d\" data-element_type=\"widget\" data-e-type=\"widget\" data-widget_type=\"button.default\">\n\t\t\t\t\t\t\t\t\t\t<a class=\"elementor-button elementor-button-link elementor-size-sm\" href=\"#services\">\n\t\t\t\t\t\t<span class=\"elementor-button-content-wrapper\">\n\t\t\t\t\t\t\t\t\t<span class=\"elementor-button-text\">Wie.<\/span>\n\t\t\t\t\t<\/span>\n\t\t\t\t\t<\/a>\n\t\t\t\t\t\t\t\t<\/div>\n\t\t\t\t<\/div>\n\t\t\t\t<\/div>\n\t\t\t\t<\/div>\n\t\t<div class=\"elementor-element elementor-element-566cc845 e-con-full e-flex e-con e-parent\" data-id=\"566cc845\" data-element_type=\"container\" data-e-type=\"container\">\n\t\t<div class=\"elementor-element elementor-element-328721b7 e-con-full elementor-hidden-mobile e-flex e-con e-child\" data-id=\"328721b7\" data-element_type=\"container\" data-e-type=\"container\" data-settings=\"{&quot;background_background&quot;:&quot;classic&quot;}\">\n\t\t\t\t<\/div>\n\t\t<div class=\"elementor-element elementor-element-68e4e1a0 e-con-full e-flex e-con e-child\" data-id=\"68e4e1a0\" data-element_type=\"container\" data-e-type=\"container\" data-settings=\"{&quot;background_background&quot;:&quot;classic&quot;}\">\n\t\t\t\t<\/div>\n\t\t\t\t<\/div>\n\t\t<div class=\"elementor-element elementor-element-703e617 e-flex e-con-boxed e-con e-parent\" data-id=\"703e617\" data-element_type=\"container\" data-e-type=\"container\">\n\t\t\t\t\t<div class=\"e-con-inner\">\n\t\t\t\t<div class=\"elementor-element elementor-element-7b53358 elementor-widget-divider--view-line elementor-widget elementor-widget-divider\" data-id=\"7b53358\" data-element_type=\"widget\" data-e-type=\"widget\" data-widget_type=\"divider.default\">\n\t\t\t\t\t\t\t<div class=\"elementor-divider\">\n\t\t\t<span class=\"elementor-divider-separator\">\n\t\t\t\t\t\t<\/span>\n\t\t<\/div>\n\t\t\t\t\t\t<\/div>\n\t\t\t\t<div class=\"elementor-element elementor-element-9aadc6b elementor-widget elementor-widget-menu-anchor\" data-id=\"9aadc6b\" data-element_type=\"widget\" data-e-type=\"widget\" data-widget_type=\"menu-anchor.default\">\n\t\t\t\t\t\t\t<div class=\"elementor-menu-anchor\" id=\"services\"><\/div>\n\t\t\t\t\t\t<\/div>\n\t\t\t\t<div class=\"elementor-element elementor-element-1ba81af elementor-widget elementor-widget-heading\" data-id=\"1ba81af\" data-element_type=\"widget\" data-e-type=\"widget\" data-widget_type=\"heading.default\">\n\t\t\t\t\t<h2 class=\"elementor-heading-title elementor-size-default\">Die Punkte verbinden.<\/h2>\t\t\t\t<\/div>\n\t\t\t\t<div class=\"elementor-element elementor-element-87342ef elementor-widget-divider--view-line elementor-widget elementor-widget-divider\" data-id=\"87342ef\" data-element_type=\"widget\" data-e-type=\"widget\" data-widget_type=\"divider.default\">\n\t\t\t\t\t\t\t<div class=\"elementor-divider\">\n\t\t\t<span class=\"elementor-divider-separator\">\n\t\t\t\t\t\t<\/span>\n\t\t<\/div>\n\t\t\t\t\t\t<\/div>\n\t\t\t\t<div class=\"elementor-element elementor-element-b10e615 elementor-widget elementor-widget-heading\" data-id=\"b10e615\" data-element_type=\"widget\" data-e-type=\"widget\" data-widget_type=\"heading.default\">\n\t\t\t\t\t<h2 class=\"elementor-heading-title elementor-size-default\">Digitale Flaggschiffe <br>(Web)<\/h2>\t\t\t\t<\/div>\n\t\t\t\t<div class=\"elementor-element elementor-element-3cf794c elementor-widget elementor-widget-text-editor\" data-id=\"3cf794c\" data-element_type=\"widget\" data-e-type=\"widget\" data-widget_type=\"text-editor.default\">\n\t\t\t\t\t\t\t\t\t<p data-path-to-node=\"7\">Wir erstellen mehr als nur Websites, wir gestalten digitale Showrooms. Unser Fokus liegt auf leistungsstarken Plattformen, die die Qualit\u00e4t Ihrer Flaschen widerspiegeln. Wir k\u00fcmmern uns um die technischen Details \u2013 Geschwindigkeit, Sicherheit und mehrsprachige Einrichtung \u2013, damit Ihre Geschichte in jeder Sprache klar verst\u00e4ndlich ist.<\/p>\t\t\t\t\t\t\t\t<\/div>\n\t\t\t\t<div class=\"elementor-element elementor-element-e94c40b elementor-widget elementor-widget-heading\" data-id=\"e94c40b\" data-element_type=\"widget\" data-e-type=\"widget\" data-widget_type=\"heading.default\">\n\t\t\t\t\t<h2 class=\"elementor-heading-title elementor-size-default\">Grenzenloser Vertrieb<br>(E-Commerce)<\/h2>\t\t\t\t<\/div>\n\t\t\t\t<div class=\"elementor-element elementor-element-5d31d7d elementor-widget elementor-widget-text-editor\" data-id=\"5d31d7d\" data-element_type=\"widget\" data-e-type=\"widget\" data-widget_type=\"text-editor.default\">\n\t\t\t\t\t\t\t\t\t<p data-path-to-node=\"9\">Der Online-Verkauf von Wein und Spirituosen erfordert mehr als nur einen \u201cKaufen\u201d-Button. Wir entwickeln sichere Shops, die speziell auf den europ\u00e4ischen Markt zugeschnitten sind und die Komplexit\u00e4t grenz\u00fcberschreitender Vorschriften und reibungsloser Zahlungssysteme ber\u00fccksichtigen. Wir machen es Ihren Kunden leicht, vom Entdecken zum Kauf zu gelangen.<\/p>\t\t\t\t\t\t\t\t<\/div>\n\t\t\t\t<div class=\"elementor-element elementor-element-11cb6b7 elementor-widget elementor-widget-heading\" data-id=\"11cb6b7\" data-element_type=\"widget\" data-e-type=\"widget\" data-widget_type=\"heading.default\">\n\t\t\t\t\t<h2 class=\"elementor-heading-title elementor-size-default\">Gezieltes Wachstum<br>(Marketing)<\/h2>\t\t\t\t<\/div>\n\t\t\t\t<div class=\"elementor-element elementor-element-d52411b elementor-widget elementor-widget-text-editor\" data-id=\"d52411b\" data-element_type=\"widget\" data-e-type=\"widget\" data-widget_type=\"text-editor.default\">\n\t\t\t\t\t\t\t\t\t<p data-path-to-node=\"11\">Wir finden Ihr Publikum dort, wo es sich aufh\u00e4lt. Ob durch gezielte E-Mails, soziale Medien oder Suchmaschinen \u2013 wir nutzen unsere Kenntnisse in <b data-path-to-node=\"11\" data-index-in-node=\"118\">Deutsch, Franz\u00f6sisch und Englisch<\/b> Kampagnen durchzuf\u00fchren, die die Menschen wirklich ansprechen. Wir jagen nicht nur Klicks hinterher, sondern bauen eine loyale Community rund um Ihre Marke auf.<\/p>\t\t\t\t\t\t\t\t<\/div>\n\t\t\t\t<div class=\"elementor-element elementor-element-7900288 elementor-widget elementor-widget-heading\" data-id=\"7900288\" data-element_type=\"widget\" data-e-type=\"widget\" data-widget_type=\"heading.default\">\n\t\t\t\t\t<h2 class=\"elementor-heading-title elementor-size-default\">Visuelle Identit\u00e4t<br>(Grafiken)<\/h2>\t\t\t\t<\/div>\n\t\t\t\t<div class=\"elementor-element elementor-element-3414352 elementor-widget elementor-widget-text-editor\" data-id=\"3414352\" data-element_type=\"widget\" data-e-type=\"widget\" data-widget_type=\"text-editor.default\">\n\t\t\t\t\t\t\t\t\t<p data-path-to-node=\"13\">In einem umk\u00e4mpften Markt m\u00fcssen Ihre Labels und digitalen Assets Aufmerksamkeit erregen. Wir entwerfen auff\u00e4llige, klare Grafiken, die Ihre Tradition widerspiegeln und gleichzeitig modern wirken. Von digitalen Brosch\u00fcren bis hin zu Social-Media-Assets sorgen wir daf\u00fcr, dass Ihre Marke sofort erkennbar ist.<\/p>\t\t\t\t\t\t\t\t<\/div>\n\t\t\t\t<div class=\"elementor-element elementor-element-42efe23 elementor-widget elementor-widget-heading\" data-id=\"42efe23\" data-element_type=\"widget\" data-e-type=\"widget\" data-widget_type=\"heading.default\">\n\t\t\t\t\t<h2 class=\"elementor-heading-title elementor-size-default\">Strategische Pr\u00e4senz<br>(Markenbildung)<\/h2>\t\t\t\t<\/div>\n\t\t\t\t<div class=\"elementor-element elementor-element-f7df72a elementor-widget elementor-widget-text-editor\" data-id=\"f7df72a\" data-element_type=\"widget\" data-e-type=\"widget\" data-widget_type=\"text-editor.default\">\n\t\t\t\t\t\t\t\t\t<p data-path-to-node=\"15\">Eine Marke ist ein Versprechen. Wir helfen Ihnen dabei, genau zu definieren, was dieses Versprechen ist und wie Sie es einem globalen Publikum vermitteln k\u00f6nnen. Wir sorgen daf\u00fcr, dass die Stimme Ihrer Marke in allen drei Sprachen konsistent ist, und bauen so das Vertrauen und die Autorit\u00e4t auf, die Sie ben\u00f6tigen, um sich im internationalen Handel abzuheben.<\/p>\t\t\t\t\t\t\t\t<\/div>\n\t\t\t\t<div class=\"elementor-element elementor-element-5062244 elementor-widget elementor-widget-heading\" data-id=\"5062244\" data-element_type=\"widget\" data-e-type=\"widget\" data-widget_type=\"heading.default\">\n\t\t\t\t\t<h2 class=\"elementor-heading-title elementor-size-default\">Markengeschichten<br>(Foto &amp; Video)<\/h2>\t\t\t\t<\/div>\n\t\t\t\t<div class=\"elementor-element elementor-element-3d5724d elementor-widget elementor-widget-text-editor\" data-id=\"3d5724d\" data-element_type=\"widget\" data-e-type=\"widget\" data-widget_type=\"text-editor.default\">\n\t\t\t\t\t\t\t\t\t<p data-path-to-node=\"17\">Gastronomie, Wein und Spirituosen sind taktile und atmosph\u00e4rische Produkte. Wir produzieren eindrucksvolle Fotos und kinoreife Videos, die den \u201cCharakter\u201d Ihres Produkts einfangen. Indem wir den Weinkeller und die Weinberge auf die Leinwand bringen, schaffen wir eine emotionale Verbindung, die mit Worten allein nicht zu erreichen ist.<\/p>\t\t\t\t\t\t\t\t<\/div>\n\t\t\t\t\t<\/div>\n\t\t\t\t<\/div>\n\t\t<div class=\"elementor-element elementor-element-96fe575 e-flex e-con-boxed e-con e-parent\" data-id=\"96fe575\" data-element_type=\"container\" data-e-type=\"container\">\n\t\t\t\t\t<div class=\"e-con-inner\">\n\t\t\t\t<div class=\"elementor-element elementor-element-6f85aa0 elementor-widget-divider--view-line elementor-widget elementor-widget-divider\" data-id=\"6f85aa0\" data-element_type=\"widget\" data-e-type=\"widget\" data-widget_type=\"divider.default\">\n\t\t\t\t\t\t\t<div class=\"elementor-divider\">\n\t\t\t<span class=\"elementor-divider-separator\">\n\t\t\t\t\t\t<\/span>\n\t\t<\/div>\n\t\t\t\t\t\t<\/div>\n\t\t\t\t<div class=\"elementor-element elementor-element-f5d1839 elementor-widget elementor-widget-heading\" data-id=\"f5d1839\" data-element_type=\"widget\" data-e-type=\"widget\" data-widget_type=\"heading.default\">\n\t\t\t\t\t<h2 class=\"elementor-heading-title elementor-size-default\"><a href=\"https:\/\/www.grandboiscommunications.com\/reach\/\">Erreichen&gt;&gt;<\/a><\/h2>\t\t\t\t<\/div>\n\t\t\t\t\t<\/div>\n\t\t\t\t<\/div>\n\t\t\t\t<\/div>","protected":false},"excerpt":{"rendered":"<p>Digital. High-performance websites, e-commerce for direct-to-consumer sales, and custom digital toolkits. How. Connecting the dots. Digital Flagships (Web) We build more than just websites; we create digital showrooms. Our focus is on high-performance platforms that represent the quality of your bottles. We handle the technical details\u2014speed, security, and multilingual setup\u2014so your story is clear in [&hellip;]<\/p>\n","protected":false},"author":1,"featured_media":0,"parent":0,"menu_order":0,"comment_status":"closed","ping_status":"closed","template":"elementor_header_footer","meta":{"nf_dc_page":"","footnotes":""},"class_list":["post-8764","page","type-page","status-publish","hentry"],"jetpack_sharing_enabled":true,"jetpack_shortlink":"https:\/\/wp.me\/P3qVbI-2hm","_links":{"self":[{"href":"https:\/\/grandboiscommunications.com\/de\/wp-json\/wp\/v2\/pages\/8764","targetHints":{"allow":["GET"]}}],"collection":[{"href":"https:\/\/grandboiscommunications.com\/de\/wp-json\/wp\/v2\/pages"}],"about":[{"href":"https:\/\/grandboiscommunications.com\/de\/wp-json\/wp\/v2\/types\/page"}],"author":[{"embeddable":true,"href":"https:\/\/grandboiscommunications.com\/de\/wp-json\/wp\/v2\/users\/1"}],"replies":[{"embeddable":true,"href":"https:\/\/grandboiscommunications.com\/de\/wp-json\/wp\/v2\/comments?post=8764"}],"version-history":[{"count":12,"href":"https:\/\/grandboiscommunications.com\/de\/wp-json\/wp\/v2\/pages\/8764\/revisions"}],"predecessor-version":[{"id":9664,"href":"https:\/\/grandboiscommunications.com\/de\/wp-json\/wp\/v2\/pages\/8764\/revisions\/9664"}],"wp:attachment":[{"href":"https:\/\/grandboiscommunications.com\/de\/wp-json\/wp\/v2\/media?parent=8764"}],"curies":[{"name":"wp","href":"https:\/\/api.w.org\/{rel}","templated":true}]}}