{"id":6079,"date":"2021-02-09T21:40:45","date_gmt":"2021-02-09T20:40:45","guid":{"rendered":"https:\/\/www.grandboisconsulting.com\/?page_id=6079"},"modified":"2026-01-06T13:27:31","modified_gmt":"2026-01-06T12:27:31","slug":"impressum","status":"publish","type":"page","link":"https:\/\/grandboiscommunications.com\/fr\/impressum\/","title":{"rendered":"Impressum"},"content":{"rendered":"<div data-elementor-type=\"wp-page\" data-elementor-id=\"6079\" class=\"elementor elementor-6079\" data-elementor-post-type=\"page\">\n\t\t\t\t\t\t<section class=\"elementor-section elementor-top-section elementor-element elementor-element-52ed2ef4 elementor-section-boxed elementor-section-height-default elementor-section-height-default\" data-id=\"52ed2ef4\" data-element_type=\"section\" data-e-type=\"section\">\n\t\t\t\t\t\t<div class=\"elementor-container elementor-column-gap-default\">\n\t\t\t\t\t<div class=\"elementor-column elementor-col-100 elementor-top-column elementor-element elementor-element-74f29482\" data-id=\"74f29482\" data-element_type=\"column\" data-e-type=\"column\">\n\t\t\t<div class=\"elementor-widget-wrap elementor-element-populated\">\n\t\t\t\t\t\t<div class=\"elementor-element elementor-element-375aa1ae elementor-widget elementor-widget-text-editor\" data-id=\"375aa1ae\" data-element_type=\"widget\" data-e-type=\"widget\" data-widget_type=\"text-editor.default\">\n\t\t\t\t\t\t\t\t\t<div class=\"elementor-element elementor-element-804e4e8 elementor-widget elementor-widget-heading\" data-id=\"804e4e8\" data-element_type=\"widget\" data-settings=\"{&quot;_transform_transition_hover&quot;:{&quot;unit&quot;:&quot;px&quot;,&quot;size&quot;:&quot;&quot;,&quot;sizes&quot;:[]}}\" data-widget_type=\"heading.default\">\n<div class=\"elementor-widget-container\">\n<h1 class=\"elementor-heading-title elementor-size-default\">Impressum<\/h1>\n<\/div>\n<\/div>\n<div class=\"elementor-element elementor-element-7030871 elementor-widget elementor-widget-text-editor\" data-id=\"7030871\" data-element_type=\"widget\" data-settings=\"{&quot;_transform_transition_hover&quot;:{&quot;unit&quot;:&quot;px&quot;,&quot;size&quot;:&quot;&quot;,&quot;sizes&quot;:[]}}\" data-widget_type=\"text-editor.default\">\n<div class=\"elementor-widget-container\">\n<p>Les dispositions de l'article 5 du TMG :<\/p>\n<p>Grandbois Communications Consulting<\/p>\n<p>Philippe C. Grandbois<\/p>\nAm Honigberg 33 54484 Maring\/MoselUSt.IDNr. DE344934231\n<p>Tel : +491709848148,<\/p>\n<p>Courrier \u00e9lectronique : philippe@grandboisconsulting.com, HR Amtsgericht Wittlich, HRB 591301<\/p>\n<h2>La responsabilit\u00e9 de l'entreprise est engag\u00e9e :<\/h2>\n<p>Ministerium f\u00fcr Wirtschaft, Verkehr, Landwirtschaft und Weinbau, Stiftsstra\u00dfe 9, 55116 Mainz<\/p>\n<p>La chambre \u00e0 coucher est en bon \u00e9tat :<\/p>\n<p>Landwirtschaftskammer Rheinland-Pfalz, Burgenlandstra\u00dfe 7, 55543 Bad Kreuznach<\/p>\n<p>Fondement juridique de notre soci\u00e9t\u00e9 : la loi sur l'emploi (WeinG)<\/p>\n<p><a href=\"http:\/\/bundesrecht.juris.de\/weing_1994\/BJNR146710994.html\" rel=\"nofollow\">http:\/\/bundesrecht.juris.de\/weing_1994\/BJNR146710994.html<\/a><\/p>\n<h2>Les m\u00e9canismes de contr\u00f4le de la qualit\u00e9 au sein de l'entreprise :<\/h2>\n<p>\u00a0<\/p>\n<p>En cas d'infractions commises dans le cadre d'un commerce en ligne ou d'une distribution en ligne, une plate-forme OS de l'Union europ\u00e9enne peut \u00eatre utilis\u00e9e pour la gestion de ces infractions si elle est soumise \u00e0 l'approbation de l'Union europ\u00e9enne.<\/p>\n<p>La plateforme doit \u00eatre utilis\u00e9e de fa\u00e7on optimale :\u00a0<a href=\"http:\/\/ec.europa.eu\/consumers\/odr\/\" target=\"_blank\" rel=\"noopener\">http:\/\/ec.europa.eu\/consumers\/odr\/<\/a><\/p>\n<p>Notre adresse \u00e9lectronique est la suivante : info@grandboiconsulting.com<\/p>\n<p>Nous ne sommes pas convaincus que d'autres possibilit\u00e9s d'acc\u00e8s \u00e0 la justice au niveau du tribunal de premi\u00e8re instance puissent \u00eatre utilis\u00e9es, et nous ne sommes pas non plus convaincus que ces possibilit\u00e9s puissent \u00eatre utilis\u00e9es.\u00a0<\/p>\n<p>Grandbois Consulting se distingue par ses activit\u00e9s dans les domaines de l'agriculture et du climat :<\/p>\n<p>Umweltschonender Steil- und Steilstlagenweinbau einen Ausgleich durch den Europ\u00e4ischen Landwirtschaftsfonds f\u00fcr die Entwicklung des l\u00e4ndlichen Raums (ELER) : hier invesert Europa in die l\u00e4ndlichen Gebiete im Rahmen des rheinland-pf\u00e4lzischen Entwicklungsprogramms \u201eUmweltma\u00dfnahmen, L\u00e4ndliche Entwicklung, Landwirtschaft, Ern\u00e4hrung\u201c (EULLE) mitfinanziert durch das Land Rheinland-Pfalz.<\/p>\n<p>Nous ne sommes pas oblig\u00e9s, ni ne pouvons \u00eatre tenus responsables, de l'utilisation d'un appareil de mesure de la distance par rapport \u00e0 une station d'\u00e9puration des eaux us\u00e9es.<\/p>\n<h3>Frais d'inscription au registre<\/h3>\n<p>En tant que responsable du traitement, nous sommes tenus, conform\u00e9ment \u00e0 l'article 7, paragraphe 1, du TMG, de traiter les informations contenues sur ces pages dans le respect des dispositions g\u00e9n\u00e9rales. Conform\u00e9ment aux articles 8 \u00e0 10 du TMG, nous ne sommes pas tenus, en tant que destinataires, d'utiliser des informations gratuites, qu'elles soient transmises ou qu'elles proviennent d'autres sources, qui rel\u00e8vent d'une responsabilit\u00e9 directe.<\/p>\n<p>Les dispositions relatives \u00e0 l'obtention ou \u00e0 l'interruption de l'utilisation d'informations conform\u00e9ment aux dispositions g\u00e9n\u00e9rales ne sont pas prises en compte. Une telle compensation n'est toutefois possible qu'\u00e0 partir du moment o\u00f9 l'on a connaissance d'une violation grave des droits de l'homme. Si vous \u00eates victime d'une violation des droits de l'homme, nous nous r\u00e9servons le droit de modifier ces informations \u00e0 tout moment.<\/p>\n<h3>Fonds pour les liens<\/h3>\n<p>Notre offre contient des liens vers des sites web externes, sur lesquels nous n'avons aucun impact. C'est pourquoi nous ne pouvons pas exiger de r\u00e9mun\u00e9ration pour ces contenus gratuits. Pour les contenus des pages reli\u00e9es, c'est toujours l'auteur ou le propri\u00e9taire de ces pages qui est responsable. Les pages reli\u00e9es ont \u00e9t\u00e9 soumises \u00e0 des restrictions de droits l\u00e9gitimes au moment de l'\u00e9tablissement du lien. Rechtswidrige Inhalte waren zum Zeitpunkt der Verlinkung nicht erkennbar.<\/p>\n<p>Un contr\u00f4le permanent et inhal\u00e9 des pages verrouill\u00e9es n'est cependant pas n\u00e9cessaire en l'absence d'effets ind\u00e9sirables d'une action en justice. En cas de r\u00e9clamation pour violation des droits de propri\u00e9t\u00e9 intellectuelle, les liens suivants seront supprim\u00e9s.<\/p>\n<h3>Urheberrecht<\/h3>\n<p>Les textes et travaux publi\u00e9s sur ces pages par les destinataires de ces pages ne sont pas conformes \u00e0 la l\u00e9gislation allemande sur les droits d'auteur. La r\u00e9vision, le traitement, la reproduction et toute forme d'interpr\u00e9tation dans le respect des r\u00e8gles du droit d'auteur doivent \u00eatre conformes \u00e0 la l\u00e9gislation sur les droits d'auteur des auteurs et des vendeurs. Les t\u00e9l\u00e9chargements et les copies de ce site sont uniquement destin\u00e9s \u00e0 un usage priv\u00e9 et non commercial.<\/p>\n<p>Si les produits pr\u00e9sent\u00e9s sur cette page n'ont pas \u00e9t\u00e9 con\u00e7us par l'utilisateur, il convient d'en tenir compte. En outre, les documents pr\u00e9sent\u00e9s sur cette page sont consid\u00e9r\u00e9s comme tels. Si vous n'\u00eates pas satisfaits d'une d\u00e9claration de perte de droits d'auteur, nous vous donnerons des conseils utiles \u00e0 ce sujet. En cas de reconnaissance d'une violation des droits de l'homme, nous nous r\u00e9servons le droit d'en modifier les termes.<\/p>\n<\/div>\n<\/div>\t\t\t\t\t\t\t\t<\/div>\n\t\t\t\t\t<\/div>\n\t\t<\/div>\n\t\t\t\t\t<\/div>\n\t\t<\/section>\n\t\t\t\t<\/div>","protected":false},"excerpt":{"rendered":"<p>Impressum Angaben gem\u00e4\u00df \u00a7 5 TMG: Grandbois Communications Consulting Philippe C. Grandbois Am Honigberg 33 54484 Maring\/MoselUSt.IDNr. DE344934231 Tel: +491709848148, E-Mail: philippe@grandboisconsulting.com, HR Amtsgericht Wittlich, HRB 591301 Zust\u00e4ndige Aufsichtsbeh\u00f6rde: Ministerium f\u00fcr Wirtschaft, Verkehr, Landwirtschaft und Weinbau, Stiftsstra\u00dfe 9, 55116 Mainz Zust\u00e4ndige Kammer: Landwirtschaftskammer Rheinland-Pfalz, Burgenlandstra\u00dfe 7, 55543 Bad Kreuznach Gesetzliche Grundlage unserer T\u00e4tigkeit: Weingesetz (WeinG) [&hellip;]<\/p>\n","protected":false},"author":1,"featured_media":0,"parent":0,"menu_order":0,"comment_status":"closed","ping_status":"closed","template":"elementor_header_footer","meta":{"nf_dc_page":"","footnotes":""},"class_list":["post-6079","page","type-page","status-publish","hentry"],"jetpack_sharing_enabled":true,"jetpack_shortlink":"https:\/\/wp.me\/P3qVbI-1A3","_links":{"self":[{"href":"https:\/\/grandboiscommunications.com\/fr\/wp-json\/wp\/v2\/pages\/6079","targetHints":{"allow":["GET"]}}],"collection":[{"href":"https:\/\/grandboiscommunications.com\/fr\/wp-json\/wp\/v2\/pages"}],"about":[{"href":"https:\/\/grandboiscommunications.com\/fr\/wp-json\/wp\/v2\/types\/page"}],"author":[{"embeddable":true,"href":"https:\/\/grandboiscommunications.com\/fr\/wp-json\/wp\/v2\/users\/1"}],"replies":[{"embeddable":true,"href":"https:\/\/grandboiscommunications.com\/fr\/wp-json\/wp\/v2\/comments?post=6079"}],"version-history":[{"count":0,"href":"https:\/\/grandboiscommunications.com\/fr\/wp-json\/wp\/v2\/pages\/6079\/revisions"}],"wp:attachment":[{"href":"https:\/\/grandboiscommunications.com\/fr\/wp-json\/wp\/v2\/media?parent=6079"}],"curies":[{"name":"wp","href":"https:\/\/api.w.org\/{rel}","templated":true}]}}