{"id":8752,"date":"2026-01-02T07:34:18","date_gmt":"2026-01-02T06:34:18","guid":{"rendered":"https:\/\/www.grandboisconsulting.com\/water\/"},"modified":"2026-01-12T11:42:13","modified_gmt":"2026-01-12T10:42:13","slug":"reach","status":"publish","type":"page","link":"https:\/\/grandboiscommunications.com\/fr\/reach\/","title":{"rendered":"Port\u00e9e."},"content":{"rendered":"<div data-elementor-type=\"wp-page\" data-elementor-id=\"8752\" class=\"elementor elementor-8752\" data-elementor-post-type=\"page\">\n\t\t\t\t<div class=\"elementor-element elementor-element-609f5408 e-con-full e-flex e-con e-parent\" data-id=\"609f5408\" data-element_type=\"container\" data-e-type=\"container\">\n\t\t<div class=\"elementor-element elementor-element-d41590d e-con-full e-flex e-con e-child\" data-id=\"d41590d\" data-element_type=\"container\" data-e-type=\"container\" data-settings=\"{&quot;background_background&quot;:&quot;classic&quot;}\">\n\t\t<div class=\"elementor-element elementor-element-174c815c e-con-full e-flex e-con e-child\" data-id=\"174c815c\" data-element_type=\"container\" data-e-type=\"container\">\n\t\t\t\t<div class=\"elementor-element elementor-element-660989e8 elementor-invisible elementor-widget elementor-widget-heading\" data-id=\"660989e8\" data-element_type=\"widget\" data-e-type=\"widget\" data-settings=\"{&quot;_animation&quot;:&quot;slideInDown&quot;}\" data-widget_type=\"heading.default\">\n\t\t\t\t\t<h1 class=\"elementor-heading-title elementor-size-default\">Port\u00e9e.<\/h1>\t\t\t\t<\/div>\n\t\t\t\t<div class=\"elementor-element elementor-element-70d0ffb0 elementor-widget elementor-widget-text-editor\" data-id=\"70d0ffb0\" data-element_type=\"widget\" data-e-type=\"widget\" data-widget_type=\"text-editor.default\">\n\t\t\t\t\t\t\t\t\t<p>Notre port\u00e9e \u201c paneurop\u00e9enne \u201d repose sur une combinaison d'intuition humaine et d'outils num\u00e9riques parmi les plus avanc\u00e9s au monde. Nous ne nous contentons pas de travailler plus dur, nous travaillons plus intelligemment, en utilisant des technologies de pointe pour garantir que votre marque \u00e9volue avec une pr\u00e9cision absolue.<\/p>\t\t\t\t\t\t\t\t<\/div>\n\t\t\t\t<div class=\"elementor-element elementor-element-efa848f elementor-widget elementor-widget-button\" data-id=\"efa848f\" data-element_type=\"widget\" data-e-type=\"widget\" data-widget_type=\"button.default\">\n\t\t\t\t\t\t\t\t\t\t<a class=\"elementor-button elementor-button-link elementor-size-sm\" href=\"#how\">\n\t\t\t\t\t\t<span class=\"elementor-button-content-wrapper\">\n\t\t\t\t\t\t\t\t\t<span class=\"elementor-button-text\">Comment.<\/span>\n\t\t\t\t\t<\/span>\n\t\t\t\t\t<\/a>\n\t\t\t\t\t\t\t\t<\/div>\n\t\t\t\t<\/div>\n\t\t\t\t<\/div>\n\t\t<div class=\"elementor-element elementor-element-3f7f482d e-con-full elementor-hidden-mobile e-flex e-con e-child\" data-id=\"3f7f482d\" data-element_type=\"container\" data-e-type=\"container\" data-settings=\"{&quot;background_background&quot;:&quot;classic&quot;}\">\n\t\t\t\t<div class=\"elementor-element elementor-element-5182f956 elementor-view-framed elementor-widget__width-inherit elementor-shape-circle elementor-widget elementor-widget-icon\" data-id=\"5182f956\" data-element_type=\"widget\" data-e-type=\"widget\" data-widget_type=\"icon.default\">\n\t\t\t\t\t\t\t<div class=\"elementor-icon-wrapper\">\n\t\t\t<a class=\"elementor-icon elementor-animation-shrink\" href=\"#next\">\n\t\t\t<svg xmlns=\"http:\/\/www.w3.org\/2000\/svg\" id=\"afa01258-5fdc-4e2a-84c3-52c21a777b3e\" data-name=\"Layer 1\" width=\"9.1074\" height=\"16.0991\" viewbox=\"0 0 9.1074 16.0991\"><polygon points=\"8.188 10.626 5.191 13.624 5.191 0 3.891 0 3.891 13.599 0.919 10.626 0 11.546 4.554 16.099 9.107 11.546 8.188 10.626\"><\/polygon><\/svg>\t\t\t<\/a>\n\t\t<\/div>\n\t\t\t\t\t\t<\/div>\n\t\t\t\t<\/div>\n\t\t\t\t<\/div>\n\t\t<div class=\"elementor-element elementor-element-496b25c7 e-con-full e-flex e-con e-parent\" data-id=\"496b25c7\" data-element_type=\"container\" data-e-type=\"container\" id=\"next\" data-settings=\"{&quot;background_background&quot;:&quot;classic&quot;}\">\n\t\t\t\t<\/div>\n\t\t<div class=\"elementor-element elementor-element-e61f609 e-flex e-con-boxed e-con e-parent\" data-id=\"e61f609\" data-element_type=\"container\" data-e-type=\"container\">\n\t\t\t\t\t<div class=\"e-con-inner\">\n\t\t\t\t<div class=\"elementor-element elementor-element-5912f1f elementor-widget-divider--view-line elementor-widget elementor-widget-divider\" data-id=\"5912f1f\" data-element_type=\"widget\" data-e-type=\"widget\" data-widget_type=\"divider.default\">\n\t\t\t\t\t\t\t<div class=\"elementor-divider\">\n\t\t\t<span class=\"elementor-divider-separator\">\n\t\t\t\t\t\t<\/span>\n\t\t<\/div>\n\t\t\t\t\t\t<\/div>\n\t\t\t\t<div class=\"elementor-element elementor-element-a363274 elementor-widget elementor-widget-menu-anchor\" data-id=\"a363274\" data-element_type=\"widget\" data-e-type=\"widget\" data-widget_type=\"menu-anchor.default\">\n\t\t\t\t\t\t\t<div class=\"elementor-menu-anchor\" id=\"how\"><\/div>\n\t\t\t\t\t\t<\/div>\n\t\t\t\t<div class=\"elementor-element elementor-element-8df197d elementor-widget elementor-widget-heading\" data-id=\"8df197d\" data-element_type=\"widget\" data-e-type=\"widget\" data-widget_type=\"heading.default\">\n\t\t\t\t\t<h2 class=\"elementor-heading-title elementor-size-default\">Traduction pr\u00e9cise avec DeepL<\/h2>\t\t\t\t<\/div>\n\t\t\t\t<div class=\"elementor-element elementor-element-b4f8e7c elementor-widget elementor-widget-text-editor\" data-id=\"b4f8e7c\" data-element_type=\"widget\" data-e-type=\"widget\" data-widget_type=\"text-editor.default\">\n\t\t\t\t\t\t\t\t\t<p data-path-to-node=\"6\">La communication \u00e0 travers l'Europe exige plus que la simple \u201c connaissance \u201d d'une langue ; elle exige une pr\u00e9cision technique. Nous int\u00e9grons <b data-path-to-node=\"6\" data-index-in-node=\"119\">Technologie de traduction neuronale de DeepL<\/b> dans notre flux de travail afin de g\u00e9rer le traitement fastidieux des donn\u00e9es multilingues.<\/p>\t\t\t\t\t\t\t\t<\/div>\n\t\t\t\t<div class=\"elementor-element elementor-element-ebbaf6d elementor-widget-divider--view-line elementor-widget elementor-widget-divider\" data-id=\"ebbaf6d\" data-element_type=\"widget\" data-e-type=\"widget\" data-widget_type=\"divider.default\">\n\t\t\t\t\t\t\t<div class=\"elementor-divider\">\n\t\t\t<span class=\"elementor-divider-separator\">\n\t\t\t\t\t\t<\/span>\n\t\t<\/div>\n\t\t\t\t\t\t<\/div>\n\t\t\t\t<div class=\"elementor-element elementor-element-43eeee5 elementor-widget elementor-widget-heading\" data-id=\"43eeee5\" data-element_type=\"widget\" data-e-type=\"widget\" data-widget_type=\"heading.default\">\n\t\t\t\t\t<h2 class=\"elementor-heading-title elementor-size-default\">La question de l'IA ?<\/h2>\t\t\t\t<\/div>\n\t\t\t\t<div class=\"elementor-element elementor-element-3468021 elementor-widget elementor-widget-text-editor\" data-id=\"3468021\" data-element_type=\"widget\" data-e-type=\"widget\" data-widget_type=\"text-editor.default\">\n\t\t\t\t\t\t\t\t\t<p data-path-to-node=\"8,1\">Nous utilisons Gemini AI pour donner du sens \u00e0 un march\u00e9 complexe. En analysant les donn\u00e9es en temps r\u00e9el, nous trouvons les lacunes que votre marque peut combler avant la concurrence.<\/p><p data-path-to-node=\"8,2\">Mais il ne s'agit pas seulement de chiffres ; nous utilisons l'IA pour collaborer avec vous sur le plan cr\u00e9atif. Nous l'utilisons pour fournir des id\u00e9es de tableaux d'ambiance pour l'identit\u00e9 de votre marque et pour vous aider \u00e0 avancer rapidement.  Nous sommes de fervents adeptes de l'utilisation de l'IA pour stimuler l'\u00e9tude et la cr\u00e9ativit\u00e9, et nous vous encourageons \u00e0 faire de m\u00eame.<\/p>\t\t\t\t\t\t\t\t<\/div>\n\t\t\t\t<div class=\"elementor-element elementor-element-9ab7b69 elementor-widget-divider--view-line elementor-widget elementor-widget-divider\" data-id=\"9ab7b69\" data-element_type=\"widget\" data-e-type=\"widget\" data-widget_type=\"divider.default\">\n\t\t\t\t\t\t\t<div class=\"elementor-divider\">\n\t\t\t<span class=\"elementor-divider-separator\">\n\t\t\t\t\t\t<\/span>\n\t\t<\/div>\n\t\t\t\t\t\t<\/div>\n\t\t\t\t<div class=\"elementor-element elementor-element-fbc62af elementor-widget elementor-widget-heading\" data-id=\"fbc62af\" data-element_type=\"widget\" data-e-type=\"widget\" data-widget_type=\"heading.default\">\n\t\t\t\t\t<h2 class=\"elementor-heading-title elementor-size-default\">Strat\u00e9gies num\u00e9riques pour l'exportation<\/h2>\t\t\t\t<\/div>\n\t\t\t\t<div class=\"elementor-element elementor-element-2342035 elementor-widget elementor-widget-text-editor\" data-id=\"2342035\" data-element_type=\"widget\" data-e-type=\"widget\" data-widget_type=\"text-editor.default\">\n\t\t\t\t\t\t\t\t\t<p>Nous associons notre exp\u00e9rience en mati\u00e8re de vins et spiritueux \u00e0 des outils d'IA intelligents pour aider votre marque \u00e0 franchir les fronti\u00e8res. Des strat\u00e9gies sociales multilingues aux publicit\u00e9s cibl\u00e9es sur Google, nous trouvons constamment de nouveaux moyens de faire conna\u00eetre votre histoire sur les bons march\u00e9s. En combinant une recherche approfondie avec une collaboration cr\u00e9ative, nous faisons en sorte que la transition de l'artisanat local \u00e0 la marque internationale se fasse sans effort.<\/p>\t\t\t\t\t\t\t\t<\/div>\n\t\t\t\t\t<\/div>\n\t\t\t\t<\/div>\n\t\t\t\t<\/div>","protected":false},"excerpt":{"rendered":"<p>Reach. Our &#8220;Pan-European&#8221; reach is powered by a blend of human intuition and the world\u2019s most advanced digital tools. We don&#8217;t just work harder; we work smarter, using industry-leading technology to ensure your brand moves with absolute precision. How. Precision Translation with DeepL Communication across Europe requires more than just &#8220;knowing&#8221; a language; it requires [&hellip;]<\/p>\n","protected":false},"author":1,"featured_media":0,"parent":0,"menu_order":0,"comment_status":"closed","ping_status":"closed","template":"elementor_header_footer","meta":{"nf_dc_page":"","footnotes":""},"class_list":["post-8752","page","type-page","status-publish","hentry"],"jetpack_sharing_enabled":true,"jetpack_shortlink":"https:\/\/wp.me\/P3qVbI-2ha","_links":{"self":[{"href":"https:\/\/grandboiscommunications.com\/fr\/wp-json\/wp\/v2\/pages\/8752","targetHints":{"allow":["GET"]}}],"collection":[{"href":"https:\/\/grandboiscommunications.com\/fr\/wp-json\/wp\/v2\/pages"}],"about":[{"href":"https:\/\/grandboiscommunications.com\/fr\/wp-json\/wp\/v2\/types\/page"}],"author":[{"embeddable":true,"href":"https:\/\/grandboiscommunications.com\/fr\/wp-json\/wp\/v2\/users\/1"}],"replies":[{"embeddable":true,"href":"https:\/\/grandboiscommunications.com\/fr\/wp-json\/wp\/v2\/comments?post=8752"}],"version-history":[{"count":15,"href":"https:\/\/grandboiscommunications.com\/fr\/wp-json\/wp\/v2\/pages\/8752\/revisions"}],"predecessor-version":[{"id":9667,"href":"https:\/\/grandboiscommunications.com\/fr\/wp-json\/wp\/v2\/pages\/8752\/revisions\/9667"}],"wp:attachment":[{"href":"https:\/\/grandboiscommunications.com\/fr\/wp-json\/wp\/v2\/media?parent=8752"}],"curies":[{"name":"wp","href":"https:\/\/api.w.org\/{rel}","templated":true}]}}