{"id":8764,"date":"2026-01-02T07:34:32","date_gmt":"2026-01-02T06:34:32","guid":{"rendered":"https:\/\/www.grandboisconsulting.com\/earth\/"},"modified":"2026-01-12T11:37:14","modified_gmt":"2026-01-12T10:37:14","slug":"digital","status":"publish","type":"page","link":"https:\/\/grandboiscommunications.com\/fr\/digital\/","title":{"rendered":"Num\u00e9rique."},"content":{"rendered":"<div data-elementor-type=\"wp-page\" data-elementor-id=\"8764\" class=\"elementor elementor-8764\" data-elementor-post-type=\"page\">\n\t\t\t\t<div class=\"elementor-element elementor-element-c8aaed e-con-full e-flex e-con e-parent\" data-id=\"c8aaed\" data-element_type=\"container\" data-e-type=\"container\" data-settings=\"{&quot;background_background&quot;:&quot;classic&quot;}\">\n\t\t<div class=\"elementor-element elementor-element-5f979a52 e-con-full e-flex e-con e-child\" data-id=\"5f979a52\" data-element_type=\"container\" data-e-type=\"container\" data-settings=\"{&quot;background_background&quot;:&quot;classic&quot;}\">\n\t\t<div class=\"elementor-element elementor-element-64e39aed e-con-full e-flex e-con e-child\" data-id=\"64e39aed\" data-element_type=\"container\" data-e-type=\"container\">\n\t\t\t\t<div class=\"elementor-element elementor-element-442170dc elementor-invisible elementor-widget elementor-widget-heading\" data-id=\"442170dc\" data-element_type=\"widget\" data-e-type=\"widget\" data-settings=\"{&quot;_animation&quot;:&quot;slideInDown&quot;}\" data-widget_type=\"heading.default\">\n\t\t\t\t\t<h1 class=\"elementor-heading-title elementor-size-default\">Num\u00e9rique.<\/h1>\t\t\t\t<\/div>\n\t\t\t\t<div class=\"elementor-element elementor-element-7995b67b elementor-widget elementor-widget-text-editor\" data-id=\"7995b67b\" data-element_type=\"widget\" data-e-type=\"widget\" data-widget_type=\"text-editor.default\">\n\t\t\t\t\t\t\t\t\t<p>Sites web performants, commerce \u00e9lectronique pour les ventes directes aux consommateurs et bo\u00eetes \u00e0 outils num\u00e9riques personnalis\u00e9es.<\/p>\t\t\t\t\t\t\t\t<\/div>\n\t\t\t\t<div class=\"elementor-element elementor-element-b9a506d elementor-widget elementor-widget-button\" data-id=\"b9a506d\" data-element_type=\"widget\" data-e-type=\"widget\" data-widget_type=\"button.default\">\n\t\t\t\t\t\t\t\t\t\t<a class=\"elementor-button elementor-button-link elementor-size-sm\" href=\"#services\">\n\t\t\t\t\t\t<span class=\"elementor-button-content-wrapper\">\n\t\t\t\t\t\t\t\t\t<span class=\"elementor-button-text\">Comment.<\/span>\n\t\t\t\t\t<\/span>\n\t\t\t\t\t<\/a>\n\t\t\t\t\t\t\t\t<\/div>\n\t\t\t\t<\/div>\n\t\t\t\t<\/div>\n\t\t\t\t<\/div>\n\t\t<div class=\"elementor-element elementor-element-566cc845 e-con-full e-flex e-con e-parent\" data-id=\"566cc845\" data-element_type=\"container\" data-e-type=\"container\">\n\t\t<div class=\"elementor-element elementor-element-328721b7 e-con-full elementor-hidden-mobile e-flex e-con e-child\" data-id=\"328721b7\" data-element_type=\"container\" data-e-type=\"container\" data-settings=\"{&quot;background_background&quot;:&quot;classic&quot;}\">\n\t\t\t\t<\/div>\n\t\t<div class=\"elementor-element elementor-element-68e4e1a0 e-con-full e-flex e-con e-child\" data-id=\"68e4e1a0\" data-element_type=\"container\" data-e-type=\"container\" data-settings=\"{&quot;background_background&quot;:&quot;classic&quot;}\">\n\t\t\t\t<\/div>\n\t\t\t\t<\/div>\n\t\t<div class=\"elementor-element elementor-element-703e617 e-flex e-con-boxed e-con e-parent\" data-id=\"703e617\" data-element_type=\"container\" data-e-type=\"container\">\n\t\t\t\t\t<div class=\"e-con-inner\">\n\t\t\t\t<div class=\"elementor-element elementor-element-7b53358 elementor-widget-divider--view-line elementor-widget elementor-widget-divider\" data-id=\"7b53358\" data-element_type=\"widget\" data-e-type=\"widget\" data-widget_type=\"divider.default\">\n\t\t\t\t\t\t\t<div class=\"elementor-divider\">\n\t\t\t<span class=\"elementor-divider-separator\">\n\t\t\t\t\t\t<\/span>\n\t\t<\/div>\n\t\t\t\t\t\t<\/div>\n\t\t\t\t<div class=\"elementor-element elementor-element-9aadc6b elementor-widget elementor-widget-menu-anchor\" data-id=\"9aadc6b\" data-element_type=\"widget\" data-e-type=\"widget\" data-widget_type=\"menu-anchor.default\">\n\t\t\t\t\t\t\t<div class=\"elementor-menu-anchor\" id=\"services\"><\/div>\n\t\t\t\t\t\t<\/div>\n\t\t\t\t<div class=\"elementor-element elementor-element-1ba81af elementor-widget elementor-widget-heading\" data-id=\"1ba81af\" data-element_type=\"widget\" data-e-type=\"widget\" data-widget_type=\"heading.default\">\n\t\t\t\t\t<h2 class=\"elementor-heading-title elementor-size-default\">Relier les points.<\/h2>\t\t\t\t<\/div>\n\t\t\t\t<div class=\"elementor-element elementor-element-87342ef elementor-widget-divider--view-line elementor-widget elementor-widget-divider\" data-id=\"87342ef\" data-element_type=\"widget\" data-e-type=\"widget\" data-widget_type=\"divider.default\">\n\t\t\t\t\t\t\t<div class=\"elementor-divider\">\n\t\t\t<span class=\"elementor-divider-separator\">\n\t\t\t\t\t\t<\/span>\n\t\t<\/div>\n\t\t\t\t\t\t<\/div>\n\t\t\t\t<div class=\"elementor-element elementor-element-b10e615 elementor-widget elementor-widget-heading\" data-id=\"b10e615\" data-element_type=\"widget\" data-e-type=\"widget\" data-widget_type=\"heading.default\">\n\t\t\t\t\t<h2 class=\"elementor-heading-title elementor-size-default\">Les fleurons de l'\u00e9conomie num\u00e9rique <br>(Web)<\/h2>\t\t\t\t<\/div>\n\t\t\t\t<div class=\"elementor-element elementor-element-3cf794c elementor-widget elementor-widget-text-editor\" data-id=\"3cf794c\" data-element_type=\"widget\" data-e-type=\"widget\" data-widget_type=\"text-editor.default\">\n\t\t\t\t\t\t\t\t\t<p data-path-to-node=\"7\">Plus que de simples sites web, nous cr\u00e9ons des salles d'exposition num\u00e9riques. Nous nous concentrons sur des plateformes performantes qui repr\u00e9sentent la qualit\u00e9 de vos bouteilles. Nous nous occupons des d\u00e9tails techniques - vitesse, s\u00e9curit\u00e9 et configuration multilingue - pour que votre histoire soit claire dans toutes les langues.<\/p>\t\t\t\t\t\t\t\t<\/div>\n\t\t\t\t<div class=\"elementor-element elementor-element-e94c40b elementor-widget elementor-widget-heading\" data-id=\"e94c40b\" data-element_type=\"widget\" data-e-type=\"widget\" data-widget_type=\"heading.default\">\n\t\t\t\t\t<h2 class=\"elementor-heading-title elementor-size-default\">Ventes sans fronti\u00e8res<br>(Commerce \u00e9lectronique)<\/h2>\t\t\t\t<\/div>\n\t\t\t\t<div class=\"elementor-element elementor-element-5d31d7d elementor-widget elementor-widget-text-editor\" data-id=\"5d31d7d\" data-element_type=\"widget\" data-e-type=\"widget\" data-widget_type=\"text-editor.default\">\n\t\t\t\t\t\t\t\t\t<p data-path-to-node=\"9\">La vente de vins et de spiritueux en ligne ne se r\u00e9sume pas \u00e0 un simple bouton \u201cacheter\u201d. Nous cr\u00e9ons des boutiques s\u00e9curis\u00e9es adapt\u00e9es au march\u00e9 europ\u00e9en, g\u00e9rant les complexit\u00e9s des r\u00e8gles transfrontali\u00e8res et des syst\u00e8mes de paiement souples. Nous facilitons le passage de la d\u00e9couverte \u00e0 l'achat pour vos clients.<\/p>\t\t\t\t\t\t\t\t<\/div>\n\t\t\t\t<div class=\"elementor-element elementor-element-11cb6b7 elementor-widget elementor-widget-heading\" data-id=\"11cb6b7\" data-element_type=\"widget\" data-e-type=\"widget\" data-widget_type=\"heading.default\">\n\t\t\t\t\t<h2 class=\"elementor-heading-title elementor-size-default\">Croissance cibl\u00e9e<br>(Marketing)<\/h2>\t\t\t\t<\/div>\n\t\t\t\t<div class=\"elementor-element elementor-element-d52411b elementor-widget elementor-widget-text-editor\" data-id=\"d52411b\" data-element_type=\"widget\" data-e-type=\"widget\" data-widget_type=\"text-editor.default\">\n\t\t\t\t\t\t\t\t\t<p data-path-to-node=\"11\">Nous trouvons votre public l\u00e0 o\u00f9 il vit. Que ce soit par le biais d'e-mails cibl\u00e9s, de m\u00e9dias sociaux ou de recherches, nous mettons \u00e0 profit notre ma\u00eetrise de l'anglais et de l'espagnol. <b data-path-to-node=\"11\" data-index-in-node=\"118\">Allemand, fran\u00e7ais et anglais<\/b> pour mener des campagnes qui parlent vraiment aux gens. Nous ne nous contentons pas de chasser les clics, nous construisons une communaut\u00e9 loyale autour de votre marque.<\/p>\t\t\t\t\t\t\t\t<\/div>\n\t\t\t\t<div class=\"elementor-element elementor-element-7900288 elementor-widget elementor-widget-heading\" data-id=\"7900288\" data-element_type=\"widget\" data-e-type=\"widget\" data-widget_type=\"heading.default\">\n\t\t\t\t\t<h2 class=\"elementor-heading-title elementor-size-default\">Identit\u00e9 visuelle<br>(Graphique)<\/h2>\t\t\t\t<\/div>\n\t\t\t\t<div class=\"elementor-element elementor-element-3414352 elementor-widget elementor-widget-text-editor\" data-id=\"3414352\" data-element_type=\"widget\" data-e-type=\"widget\" data-widget_type=\"text-editor.default\">\n\t\t\t\t\t\t\t\t\t<p data-path-to-node=\"13\">Dans un march\u00e9 encombr\u00e9, vos \u00e9tiquettes et vos actifs num\u00e9riques doivent attirer l'attention. Nous concevons des visuels audacieux et \u00e9pur\u00e9s qui refl\u00e8tent votre h\u00e9ritage tout en \u00e9tant modernes. Des brochures num\u00e9riques aux r\u00e9seaux sociaux, nous veillons \u00e0 ce que votre marque soit imm\u00e9diatement reconnaissable.<\/p>\t\t\t\t\t\t\t\t<\/div>\n\t\t\t\t<div class=\"elementor-element elementor-element-42efe23 elementor-widget elementor-widget-heading\" data-id=\"42efe23\" data-element_type=\"widget\" data-e-type=\"widget\" data-widget_type=\"heading.default\">\n\t\t\t\t\t<h2 class=\"elementor-heading-title elementor-size-default\">Pr\u00e9sence strat\u00e9gique<br>(Branding)<\/h2>\t\t\t\t<\/div>\n\t\t\t\t<div class=\"elementor-element elementor-element-f7df72a elementor-widget elementor-widget-text-editor\" data-id=\"f7df72a\" data-element_type=\"widget\" data-e-type=\"widget\" data-widget_type=\"text-editor.default\">\n\t\t\t\t\t\t\t\t\t<p data-path-to-node=\"15\">Une marque est une promesse. Nous vous aidons \u00e0 d\u00e9finir exactement cette promesse et \u00e0 la communiquer \u00e0 un public international. Nous veillons \u00e0 ce que la voix de votre marque soit coh\u00e9rente dans les trois langues, afin d'instaurer la confiance et l'autorit\u00e9 n\u00e9cessaires pour se d\u00e9marquer dans le commerce international.<\/p>\t\t\t\t\t\t\t\t<\/div>\n\t\t\t\t<div class=\"elementor-element elementor-element-5062244 elementor-widget elementor-widget-heading\" data-id=\"5062244\" data-element_type=\"widget\" data-e-type=\"widget\" data-widget_type=\"heading.default\">\n\t\t\t\t\t<h2 class=\"elementor-heading-title elementor-size-default\">L'histoire de la marque<br>(Photo &amp; Vid\u00e9o)<\/h2>\t\t\t\t<\/div>\n\t\t\t\t<div class=\"elementor-element elementor-element-3d5724d elementor-widget elementor-widget-text-editor\" data-id=\"3d5724d\" data-element_type=\"widget\" data-e-type=\"widget\" data-widget_type=\"text-editor.default\">\n\t\t\t\t\t\t\t\t\t<p data-path-to-node=\"17\">L'hospitalit\u00e9, le vin et les spiritueux sont tactiles et atmosph\u00e9riques. Nous produisons des photographies \u00e0 fort impact et des vid\u00e9os cin\u00e9matographiques qui capturent \u201cl'esprit\u201d de votre produit. En faisant appara\u00eetre la cave et les vignobles \u00e0 l'\u00e9cran, nous cr\u00e9ons un lien \u00e9motionnel que les mots seuls ne peuvent atteindre.<\/p>\t\t\t\t\t\t\t\t<\/div>\n\t\t\t\t\t<\/div>\n\t\t\t\t<\/div>\n\t\t<div class=\"elementor-element elementor-element-96fe575 e-flex e-con-boxed e-con e-parent\" data-id=\"96fe575\" data-element_type=\"container\" data-e-type=\"container\">\n\t\t\t\t\t<div class=\"e-con-inner\">\n\t\t\t\t<div class=\"elementor-element elementor-element-6f85aa0 elementor-widget-divider--view-line elementor-widget elementor-widget-divider\" data-id=\"6f85aa0\" data-element_type=\"widget\" data-e-type=\"widget\" data-widget_type=\"divider.default\">\n\t\t\t\t\t\t\t<div class=\"elementor-divider\">\n\t\t\t<span class=\"elementor-divider-separator\">\n\t\t\t\t\t\t<\/span>\n\t\t<\/div>\n\t\t\t\t\t\t<\/div>\n\t\t\t\t<div class=\"elementor-element elementor-element-f5d1839 elementor-widget elementor-widget-heading\" data-id=\"f5d1839\" data-element_type=\"widget\" data-e-type=\"widget\" data-widget_type=\"heading.default\">\n\t\t\t\t\t<h2 class=\"elementor-heading-title elementor-size-default\"><a href=\"https:\/\/www.grandboiscommunications.com\/reach\/\">atteindre&gt;&gt;<\/a><\/h2>\t\t\t\t<\/div>\n\t\t\t\t\t<\/div>\n\t\t\t\t<\/div>\n\t\t\t\t<\/div>","protected":false},"excerpt":{"rendered":"<p>Digital. High-performance websites, e-commerce for direct-to-consumer sales, and custom digital toolkits. How. Connecting the dots. Digital Flagships (Web) We build more than just websites; we create digital showrooms. Our focus is on high-performance platforms that represent the quality of your bottles. We handle the technical details\u2014speed, security, and multilingual setup\u2014so your story is clear in [&hellip;]<\/p>\n","protected":false},"author":1,"featured_media":0,"parent":0,"menu_order":0,"comment_status":"closed","ping_status":"closed","template":"elementor_header_footer","meta":{"nf_dc_page":"","footnotes":""},"class_list":["post-8764","page","type-page","status-publish","hentry"],"jetpack_sharing_enabled":true,"jetpack_shortlink":"https:\/\/wp.me\/P3qVbI-2hm","_links":{"self":[{"href":"https:\/\/grandboiscommunications.com\/fr\/wp-json\/wp\/v2\/pages\/8764","targetHints":{"allow":["GET"]}}],"collection":[{"href":"https:\/\/grandboiscommunications.com\/fr\/wp-json\/wp\/v2\/pages"}],"about":[{"href":"https:\/\/grandboiscommunications.com\/fr\/wp-json\/wp\/v2\/types\/page"}],"author":[{"embeddable":true,"href":"https:\/\/grandboiscommunications.com\/fr\/wp-json\/wp\/v2\/users\/1"}],"replies":[{"embeddable":true,"href":"https:\/\/grandboiscommunications.com\/fr\/wp-json\/wp\/v2\/comments?post=8764"}],"version-history":[{"count":12,"href":"https:\/\/grandboiscommunications.com\/fr\/wp-json\/wp\/v2\/pages\/8764\/revisions"}],"predecessor-version":[{"id":9664,"href":"https:\/\/grandboiscommunications.com\/fr\/wp-json\/wp\/v2\/pages\/8764\/revisions\/9664"}],"wp:attachment":[{"href":"https:\/\/grandboiscommunications.com\/fr\/wp-json\/wp\/v2\/media?parent=8764"}],"curies":[{"name":"wp","href":"https:\/\/api.w.org\/{rel}","templated":true}]}}