{"id":8776,"date":"2026-01-02T07:34:52","date_gmt":"2026-01-02T06:34:52","guid":{"rendered":"https:\/\/www.grandboisconsulting.com\/air\/"},"modified":"2026-01-12T11:36:40","modified_gmt":"2026-01-12T10:36:40","slug":"identity","status":"publish","type":"page","link":"https:\/\/grandboiscommunications.com\/fr\/identity\/","title":{"rendered":"Identit\u00e9."},"content":{"rendered":"<div data-elementor-type=\"wp-page\" data-elementor-id=\"8776\" class=\"elementor elementor-8776\" data-elementor-post-type=\"page\">\n\t\t\t\t<div class=\"elementor-element elementor-element-69c6e899 e-con-full e-flex e-con e-parent\" data-id=\"69c6e899\" data-element_type=\"container\" data-e-type=\"container\">\n\t\t<div class=\"elementor-element elementor-element-34af355d e-con-full e-flex e-con e-child\" data-id=\"34af355d\" data-element_type=\"container\" data-e-type=\"container\" data-settings=\"{&quot;background_background&quot;:&quot;classic&quot;}\">\n\t\t<div class=\"elementor-element elementor-element-7c8be067 e-con-full e-flex e-con e-child\" data-id=\"7c8be067\" data-element_type=\"container\" data-e-type=\"container\">\n\t\t\t\t<div class=\"elementor-element elementor-element-3d642e24 elementor-invisible elementor-widget elementor-widget-heading\" data-id=\"3d642e24\" data-element_type=\"widget\" data-e-type=\"widget\" data-settings=\"{&quot;_animation&quot;:&quot;slideInDown&quot;}\" data-widget_type=\"heading.default\">\n\t\t\t\t\t<h1 class=\"elementor-heading-title elementor-size-default\">Identit\u00e9.<\/h1>\t\t\t\t<\/div>\n\t\t\t\t<div class=\"elementor-element elementor-element-428cfafa elementor-widget elementor-widget-text-editor\" data-id=\"428cfafa\" data-element_type=\"widget\" data-e-type=\"widget\" data-widget_type=\"text-editor.default\">\n\t\t\t\t\t\t\t\t\t<p>Cr\u00e9er un h\u00e9ritage visuel qui honore vos racines tout en s'exprimant dans un langage moderne et international.<\/p>\t\t\t\t\t\t\t\t<\/div>\n\t\t\t\t<div class=\"elementor-element elementor-element-c6dbb5c elementor-mobile-align-center elementor-widget elementor-widget-button\" data-id=\"c6dbb5c\" data-element_type=\"widget\" data-e-type=\"widget\" data-widget_type=\"button.default\">\n\t\t\t\t\t\t\t\t\t\t<a class=\"elementor-button elementor-button-link elementor-size-sm\" href=\"#about-us\">\n\t\t\t\t\t\t<span class=\"elementor-button-content-wrapper\">\n\t\t\t\t\t\t\t\t\t<span class=\"elementor-button-text\">\u00c0 propos de nous.<\/span>\n\t\t\t\t\t<\/span>\n\t\t\t\t\t<\/a>\n\t\t\t\t\t\t\t\t<\/div>\n\t\t\t\t<\/div>\n\t\t\t\t<\/div>\n\t\t<div class=\"elementor-element elementor-element-479f64f6 e-con-full e-flex e-con e-child\" data-id=\"479f64f6\" data-element_type=\"container\" data-e-type=\"container\" data-settings=\"{&quot;background_background&quot;:&quot;classic&quot;}\">\n\t\t\t\t<div class=\"elementor-element elementor-element-5eb76f5 elementor-view-framed elementor-widget__width-inherit elementor-shape-circle elementor-widget elementor-widget-icon\" data-id=\"5eb76f5\" data-element_type=\"widget\" data-e-type=\"widget\" data-widget_type=\"icon.default\">\n\t\t\t\t\t\t\t<div class=\"elementor-icon-wrapper\">\n\t\t\t<a class=\"elementor-icon elementor-animation-shrink\" href=\"#paris\">\n\t\t\t<svg xmlns=\"http:\/\/www.w3.org\/2000\/svg\" id=\"afa01258-5fdc-4e2a-84c3-52c21a777b3e\" data-name=\"Layer 1\" width=\"9.1074\" height=\"16.0991\" viewbox=\"0 0 9.1074 16.0991\"><polygon points=\"8.188 10.626 5.191 13.624 5.191 0 3.891 0 3.891 13.599 0.919 10.626 0 11.546 4.554 16.099 9.107 11.546 8.188 10.626\"><\/polygon><\/svg>\t\t\t<\/a>\n\t\t<\/div>\n\t\t\t\t\t\t<\/div>\n\t\t\t\t<\/div>\n\t\t\t\t<\/div>\n\t\t<div class=\"elementor-element elementor-element-70e50bd e-con-full e-flex e-con e-parent\" data-id=\"70e50bd\" data-element_type=\"container\" data-e-type=\"container\" id=\"next\" data-settings=\"{&quot;background_background&quot;:&quot;classic&quot;}\">\n\t\t\t\t<\/div>\n\t\t<div class=\"elementor-element elementor-element-36e64248 e-con-full e-flex e-con e-parent\" data-id=\"36e64248\" data-element_type=\"container\" data-e-type=\"container\">\n\t\t<div class=\"elementor-element elementor-element-548c6f54 e-con-full e-flex e-con e-child\" data-id=\"548c6f54\" data-element_type=\"container\" data-e-type=\"container\" data-settings=\"{&quot;background_background&quot;:&quot;classic&quot;}\">\n\t\t\t\t<div class=\"elementor-element elementor-element-863668c elementor-widget elementor-widget-menu-anchor\" data-id=\"863668c\" data-element_type=\"widget\" data-e-type=\"widget\" data-widget_type=\"menu-anchor.default\">\n\t\t\t\t\t\t\t<div class=\"elementor-menu-anchor\" id=\"paris\"><\/div>\n\t\t\t\t\t\t<\/div>\n\t\t\t\t<\/div>\n\t\t<div class=\"elementor-element elementor-element-209cd077 e-con-full e-flex e-con e-child\" data-id=\"209cd077\" data-element_type=\"container\" data-e-type=\"container\">\n\t\t<div class=\"elementor-element elementor-element-31616257 e-con-full e-flex e-con e-child\" data-id=\"31616257\" data-element_type=\"container\" data-e-type=\"container\" data-settings=\"{&quot;background_background&quot;:&quot;classic&quot;}\">\n\t\t\t\t<div class=\"elementor-element elementor-element-9b18280 elementor-view-framed elementor-widget__width-inherit elementor-shape-circle elementor-widget elementor-widget-icon\" data-id=\"9b18280\" data-element_type=\"widget\" data-e-type=\"widget\" data-widget_type=\"icon.default\">\n\t\t\t\t\t\t\t<div class=\"elementor-icon-wrapper\">\n\t\t\t<a class=\"elementor-icon elementor-animation-shrink\" href=\"#timo\">\n\t\t\t<svg xmlns=\"http:\/\/www.w3.org\/2000\/svg\" id=\"afa01258-5fdc-4e2a-84c3-52c21a777b3e\" data-name=\"Layer 1\" width=\"9.1074\" height=\"16.0991\" viewbox=\"0 0 9.1074 16.0991\"><polygon points=\"8.188 10.626 5.191 13.624 5.191 0 3.891 0 3.891 13.599 0.919 10.626 0 11.546 4.554 16.099 9.107 11.546 8.188 10.626\"><\/polygon><\/svg>\t\t\t<\/a>\n\t\t<\/div>\n\t\t\t\t\t\t<\/div>\n\t\t\t\t<\/div>\n\t\t<div class=\"elementor-element elementor-element-1d643a7f e-con-full e-flex e-con e-child\" data-id=\"1d643a7f\" data-element_type=\"container\" data-e-type=\"container\" data-settings=\"{&quot;background_background&quot;:&quot;classic&quot;}\">\n\t\t\t\t<\/div>\n\t\t\t\t<\/div>\n\t\t\t\t<\/div>\n\t\t<div class=\"elementor-element elementor-element-37909ea e-con-full e-flex e-con e-parent\" data-id=\"37909ea\" data-element_type=\"container\" data-e-type=\"container\">\n\t\t\t\t<div class=\"elementor-element elementor-element-9b8f0af elementor-widget elementor-widget-menu-anchor\" data-id=\"9b8f0af\" data-element_type=\"widget\" data-e-type=\"widget\" data-widget_type=\"menu-anchor.default\">\n\t\t\t\t\t\t\t<div class=\"elementor-menu-anchor\" id=\"timo\"><\/div>\n\t\t\t\t\t\t<\/div>\n\t\t<div class=\"elementor-element elementor-element-5c2958b e-con-full e-flex e-con e-child\" data-id=\"5c2958b\" data-element_type=\"container\" data-e-type=\"container\" data-settings=\"{&quot;background_background&quot;:&quot;classic&quot;}\">\n\t\t<div class=\"elementor-element elementor-element-e9bacf0 e-con-full e-flex e-con e-child\" data-id=\"e9bacf0\" data-element_type=\"container\" data-e-type=\"container\">\n\t\t\t\t<div class=\"elementor-element elementor-element-e086d6a elementor-invisible elementor-widget elementor-widget-heading\" data-id=\"e086d6a\" data-element_type=\"widget\" data-e-type=\"widget\" data-settings=\"{&quot;_animation&quot;:&quot;slideInDown&quot;}\" data-widget_type=\"heading.default\">\n\t\t\t\t\t<h1 class=\"elementor-heading-title elementor-size-default\">\u00c9volution.<\/h1>\t\t\t\t<\/div>\n\t\t\t\t<div class=\"elementor-element elementor-element-7a7d62e elementor-widget elementor-widget-text-editor\" data-id=\"7a7d62e\" data-element_type=\"widget\" data-e-type=\"widget\" data-widget_type=\"text-editor.default\">\n\t\t\t\t\t\t\t\t\t<p>Honorer l'h\u00e9ritage. Concevoir pour l'avenir.<\/p>\t\t\t\t\t\t\t\t<\/div>\n\t\t\t\t<div class=\"elementor-element elementor-element-372532c elementor-view-framed elementor-widget__width-inherit elementor-shape-circle elementor-widget elementor-widget-icon\" data-id=\"372532c\" data-element_type=\"widget\" data-e-type=\"widget\" data-widget_type=\"icon.default\">\n\t\t\t\t\t\t\t<div class=\"elementor-icon-wrapper\">\n\t\t\t<a class=\"elementor-icon elementor-animation-shrink\" href=\"#champ\">\n\t\t\t<svg xmlns=\"http:\/\/www.w3.org\/2000\/svg\" id=\"afa01258-5fdc-4e2a-84c3-52c21a777b3e\" data-name=\"Layer 1\" width=\"9.1074\" height=\"16.0991\" viewbox=\"0 0 9.1074 16.0991\"><polygon points=\"8.188 10.626 5.191 13.624 5.191 0 3.891 0 3.891 13.599 0.919 10.626 0 11.546 4.554 16.099 9.107 11.546 8.188 10.626\"><\/polygon><\/svg>\t\t\t<\/a>\n\t\t<\/div>\n\t\t\t\t\t\t<\/div>\n\t\t\t\t<\/div>\n\t\t\t\t<\/div>\n\t\t\t\t<\/div>\n\t\t<div class=\"elementor-element elementor-element-54fb8f83 e-con-full e-flex e-con e-parent\" data-id=\"54fb8f83\" data-element_type=\"container\" data-e-type=\"container\">\n\t\t<div class=\"elementor-element elementor-element-b5d053c e-con-full e-flex e-con e-child\" data-id=\"b5d053c\" data-element_type=\"container\" data-e-type=\"container\" data-settings=\"{&quot;background_background&quot;:&quot;classic&quot;}\">\n\t\t\t\t<div class=\"elementor-element elementor-element-63cb80c elementor-widget elementor-widget-menu-anchor\" data-id=\"63cb80c\" data-element_type=\"widget\" data-e-type=\"widget\" data-widget_type=\"menu-anchor.default\">\n\t\t\t\t\t\t\t<div class=\"elementor-menu-anchor\" id=\"champ\"><\/div>\n\t\t\t\t\t\t<\/div>\n\t\t\t\t<\/div>\n\t\t<div class=\"elementor-element elementor-element-4bb08b0a e-con-full e-flex e-con e-child\" data-id=\"4bb08b0a\" data-element_type=\"container\" data-e-type=\"container\" data-settings=\"{&quot;background_background&quot;:&quot;classic&quot;}\">\n\t\t\t\t<\/div>\n\t\t\t\t<\/div>\n\t\t<div class=\"elementor-element elementor-element-34ed285 e-flex e-con-boxed e-con e-parent\" data-id=\"34ed285\" data-element_type=\"container\" data-e-type=\"container\">\n\t\t\t\t\t<div class=\"e-con-inner\">\n\t\t\t\t<div class=\"elementor-element elementor-element-4859d59 elementor-widget-divider--view-line elementor-widget elementor-widget-divider\" data-id=\"4859d59\" data-element_type=\"widget\" data-e-type=\"widget\" data-widget_type=\"divider.default\">\n\t\t\t\t\t\t\t<div class=\"elementor-divider\">\n\t\t\t<span class=\"elementor-divider-separator\">\n\t\t\t\t\t\t<\/span>\n\t\t<\/div>\n\t\t\t\t\t\t<\/div>\n\t\t\t\t<div class=\"elementor-element elementor-element-741f8f1 elementor-widget elementor-widget-theme-site-logo elementor-widget-image\" data-id=\"741f8f1\" data-element_type=\"widget\" data-e-type=\"widget\" data-widget_type=\"theme-site-logo.default\">\n\t\t\t\t\t\t\t\t\t\t\t<a href=\"https:\/\/grandboiscommunications.com\/fr\/\">\n\t\t\t<img loading=\"lazy\" decoding=\"async\" data-attachment-id=\"9354\" data-permalink=\"https:\/\/grandboiscommunications.com\/fr\/?attachment_id=9354\" data-orig-file=\"https:\/\/i0.wp.com\/grandboiscommunications.com\/wp-content\/uploads\/2026\/01\/GB-Mono.webp?fit=455%2C455&amp;ssl=1\" data-orig-size=\"455,455\" data-comments-opened=\"1\" data-image-meta=\"{&quot;aperture&quot;:&quot;0&quot;,&quot;credit&quot;:&quot;&quot;,&quot;camera&quot;:&quot;&quot;,&quot;caption&quot;:&quot;&quot;,&quot;created_timestamp&quot;:&quot;0&quot;,&quot;copyright&quot;:&quot;&quot;,&quot;focal_length&quot;:&quot;0&quot;,&quot;iso&quot;:&quot;0&quot;,&quot;shutter_speed&quot;:&quot;0&quot;,&quot;title&quot;:&quot;&quot;,&quot;orientation&quot;:&quot;0&quot;}\" data-image-title=\"GB Mono\" data-image-description=\"\" data-image-caption=\"\" data-large-file=\"https:\/\/i0.wp.com\/grandboiscommunications.com\/wp-content\/uploads\/2026\/01\/GB-Mono.webp?fit=455%2C455&amp;ssl=1\" width=\"455\" height=\"455\" src=\"https:\/\/i0.wp.com\/grandboiscommunications.com\/wp-content\/uploads\/2026\/01\/GB-Mono.webp?fit=455%2C455&amp;ssl=1\" class=\"attachment-full size-full wp-image-9354\" alt=\"\" srcset=\"https:\/\/i0.wp.com\/grandboiscommunications.com\/wp-content\/uploads\/2026\/01\/GB-Mono.webp?w=455&amp;ssl=1 455w, https:\/\/i0.wp.com\/grandboiscommunications.com\/wp-content\/uploads\/2026\/01\/GB-Mono.webp?resize=300%2C300&amp;ssl=1 300w, https:\/\/i0.wp.com\/grandboiscommunications.com\/wp-content\/uploads\/2026\/01\/GB-Mono.webp?resize=150%2C150&amp;ssl=1 150w, https:\/\/i0.wp.com\/grandboiscommunications.com\/wp-content\/uploads\/2026\/01\/GB-Mono.webp?resize=12%2C12&amp;ssl=1 12w\" sizes=\"auto, (max-width: 455px) 100vw, 455px\" \/>\t\t\t\t<\/a>\n\t\t\t\t\t\t\t\t\t\t\t<\/div>\n\t\t\t\t<div class=\"elementor-element elementor-element-2dc7e3b elementor-widget elementor-widget-menu-anchor\" data-id=\"2dc7e3b\" data-element_type=\"widget\" data-e-type=\"widget\" data-widget_type=\"menu-anchor.default\">\n\t\t\t\t\t\t\t<div class=\"elementor-menu-anchor\" id=\"about-us\"><\/div>\n\t\t\t\t\t\t<\/div>\n\t\t\t\t<div class=\"elementor-element elementor-element-648892b elementor-widget elementor-widget-heading\" data-id=\"648892b\" data-element_type=\"widget\" data-e-type=\"widget\" data-widget_type=\"heading.default\">\n\t\t\t\t\t<h2 class=\"elementor-heading-title elementor-size-default\">\u00c0 propos de nous.<\/h2>\t\t\t\t<\/div>\n\t\t\t\t<div class=\"elementor-element elementor-element-3a1a37e elementor-widget elementor-widget-text-editor\" data-id=\"3a1a37e\" data-element_type=\"widget\" data-e-type=\"widget\" data-widget_type=\"text-editor.default\">\n\t\t\t\t\t\t\t\t\t<p data-path-to-node=\"2,1\">Nous sommes une \u00e9quipe unie par notre amour commun pour l'industrie du vin et des spiritueux. Nous avons tous deux suivi une formation professionnelle dans ce domaine, allant des \u00e9tiquettes sur les bouteilles \u00e0 la strat\u00e9gie commerciale.<\/p><p data-path-to-node=\"2,2\">Nous avons divis\u00e9 notre travail en\u00a0<span style=\"box-sizing: border-box; margin: 0px; padding: 0px;\">veiller \u00e0 ce que chaque d\u00e9tail soit pris en compte :\u00a0<strong>Tanja<\/strong> poign\u00e9es\u00a0<\/span>organisation et communication, tandis que <b data-path-to-node=\"2,2\" data-index-in-node=\"117\">Philippe<\/b> travaille directement avec nos clients. Parce que nous parlons <b data-path-to-node=\"2,2\" data-index-in-node=\"176\">Allemand, fran\u00e7ais et anglais<\/b>, nous pouvons combler le foss\u00e9 entre les diff\u00e9rents pays et aider les marques \u00e0 se d\u00e9velopper \u00e0 l'international.<\/p>\t\t\t\t\t\t\t\t<\/div>\n\t\t\t\t<div class=\"elementor-element elementor-element-1b5987d elementor-widget-divider--view-line elementor-widget elementor-widget-divider\" data-id=\"1b5987d\" data-element_type=\"widget\" data-e-type=\"widget\" data-widget_type=\"divider.default\">\n\t\t\t\t\t\t\t<div class=\"elementor-divider\">\n\t\t\t<span class=\"elementor-divider-separator\">\n\t\t\t\t\t\t<\/span>\n\t\t<\/div>\n\t\t\t\t\t\t<\/div>\n\t\t\t\t<div class=\"elementor-element elementor-element-6582d72 elementor-widget elementor-widget-heading\" data-id=\"6582d72\" data-element_type=\"widget\" data-e-type=\"widget\" data-widget_type=\"heading.default\">\n\t\t\t\t\t<h2 class=\"elementor-heading-title elementor-size-default\"><a href=\"https:\/\/www.grandboiscommunications.com\/digital\/\">num\u00e9rique&gt;&gt;<\/a><\/h2>\t\t\t\t<\/div>\n\t\t\t\t\t<\/div>\n\t\t\t\t<\/div>\n\t\t\t\t<\/div>","protected":false},"excerpt":{"rendered":"<p>Identity. Crafting visual legacies that honour your roots while speaking a modern, international language. About Us. Evolution. Honouring heritage. Designing for the future. About Us. We are a team built on a shared love for the wine and spirits industry. Both of us are professionally trained in the business, from the labels on the bottles [&hellip;]<\/p>\n","protected":false},"author":1,"featured_media":0,"parent":0,"menu_order":0,"comment_status":"closed","ping_status":"closed","template":"elementor_header_footer","meta":{"nf_dc_page":"","footnotes":""},"class_list":["post-8776","page","type-page","status-publish","hentry"],"jetpack_sharing_enabled":true,"jetpack_shortlink":"https:\/\/wp.me\/P3qVbI-2hy","_links":{"self":[{"href":"https:\/\/grandboiscommunications.com\/fr\/wp-json\/wp\/v2\/pages\/8776","targetHints":{"allow":["GET"]}}],"collection":[{"href":"https:\/\/grandboiscommunications.com\/fr\/wp-json\/wp\/v2\/pages"}],"about":[{"href":"https:\/\/grandboiscommunications.com\/fr\/wp-json\/wp\/v2\/types\/page"}],"author":[{"embeddable":true,"href":"https:\/\/grandboiscommunications.com\/fr\/wp-json\/wp\/v2\/users\/1"}],"replies":[{"embeddable":true,"href":"https:\/\/grandboiscommunications.com\/fr\/wp-json\/wp\/v2\/comments?post=8776"}],"version-history":[{"count":10,"href":"https:\/\/grandboiscommunications.com\/fr\/wp-json\/wp\/v2\/pages\/8776\/revisions"}],"predecessor-version":[{"id":9661,"href":"https:\/\/grandboiscommunications.com\/fr\/wp-json\/wp\/v2\/pages\/8776\/revisions\/9661"}],"wp:attachment":[{"href":"https:\/\/grandboiscommunications.com\/fr\/wp-json\/wp\/v2\/media?parent=8776"}],"curies":[{"name":"wp","href":"https:\/\/api.w.org\/{rel}","templated":true}]}}